{"id":2879,"date":"2024-03-07T16:09:24","date_gmt":"2024-03-07T15:09:24","guid":{"rendered":"https:\/\/www.oxycomb.com\/aplicaciones-sistema-control-combustion\/tratamiento-termico\/"},"modified":"2024-07-05T10:09:26","modified_gmt":"2024-07-05T08:09:26","slug":"traitement-thermique-des-metaux","status":"publish","type":"page","link":"https:\/\/www.oxycomb.com\/fr\/applications-systeme-de-controle-de-combustion\/traitement-thermique-des-metaux\/","title":{"rendered":"Traitement Thermique des M\u00e9taux"},"content":{"rendered":"\t\t<div data-elementor-type=\"wp-page\" data-elementor-id=\"2879\" class=\"elementor elementor-2879\" data-elementor-post-type=\"page\">\n\t\t\t\t\t\t<section class=\"elementor-section elementor-top-section elementor-element elementor-element-1a42547f elementor-section-full_width elementor-section-height-default elementor-section-height-default\" data-id=\"1a42547f\" data-element_type=\"section\">\n\t\t\t\t\t\t<div class=\"elementor-container elementor-column-gap-default\">\n\t\t\t\t\t<div class=\"elementor-column elementor-col-100 elementor-top-column elementor-element elementor-element-a28727c\" data-id=\"a28727c\" data-element_type=\"column\">\n\t\t\t<div class=\"elementor-widget-wrap elementor-element-populated\">\n\t\t\t\t\t\t<div class=\"elementor-element elementor-element-de58d95 elementor-widget elementor-widget-image\" data-id=\"de58d95\" data-element_type=\"widget\" data-widget_type=\"image.default\">\n\t\t\t\t<div class=\"elementor-widget-container\">\n\t\t\t<style>\/*! elementor - v3.19.0 - 26-02-2024 *\/\n.elementor-widget-image{text-align:center}.elementor-widget-image a{display:inline-block}.elementor-widget-image a img[src$=\".svg\"]{width:48px}.elementor-widget-image img{vertical-align:middle;display:inline-block}<\/style>\t\t\t\t\t\t\t\t\t\t<img fetchpriority=\"high\" decoding=\"async\" width=\"1920\" height=\"500\" src=\"https:\/\/www.oxycomb.com\/wp-content\/uploads\/2024\/03\/sistema-optimal-tratamiento-termico-1.jpg\" class=\"attachment-full size-full wp-image-1752\" alt=\"sistema optima tratamiento termico\" srcset=\"https:\/\/www.oxycomb.com\/wp-content\/uploads\/2024\/03\/sistema-optimal-tratamiento-termico-1.jpg 1920w, https:\/\/www.oxycomb.com\/wp-content\/uploads\/2024\/03\/sistema-optimal-tratamiento-termico-1-300x78.jpg 300w, https:\/\/www.oxycomb.com\/wp-content\/uploads\/2024\/03\/sistema-optimal-tratamiento-termico-1-1024x267.jpg 1024w, https:\/\/www.oxycomb.com\/wp-content\/uploads\/2024\/03\/sistema-optimal-tratamiento-termico-1-768x200.jpg 768w, https:\/\/www.oxycomb.com\/wp-content\/uploads\/2024\/03\/sistema-optimal-tratamiento-termico-1-1536x400.jpg 1536w\" sizes=\"(max-width: 1920px) 100vw, 1920px\" \/>\t\t\t\t\t\t\t\t\t\t\t\t\t<\/div>\n\t\t\t\t<\/div>\n\t\t\t\t\t<\/div>\n\t\t<\/div>\n\t\t\t\t\t<\/div>\n\t\t<\/section>\n\t\t\t\t<section class=\"elementor-section elementor-top-section elementor-element elementor-element-205666a6 elementor-section-boxed elementor-section-height-default elementor-section-height-default\" data-id=\"205666a6\" data-element_type=\"section\" data-settings=\"{&quot;background_background&quot;:&quot;classic&quot;}\">\n\t\t\t\t\t\t<div class=\"elementor-container elementor-column-gap-default\">\n\t\t\t\t\t<div class=\"elementor-column elementor-col-100 elementor-top-column elementor-element elementor-element-4241f48c\" data-id=\"4241f48c\" data-element_type=\"column\" data-settings=\"{&quot;background_background&quot;:&quot;classic&quot;}\">\n\t\t\t<div class=\"elementor-widget-wrap elementor-element-populated\">\n\t\t\t\t\t\t<div class=\"elementor-element elementor-element-5e2ccebe elementor-widget elementor-widget-text-editor\" data-id=\"5e2ccebe\" data-element_type=\"widget\" data-widget_type=\"text-editor.default\">\n\t\t\t\t<div class=\"elementor-widget-container\">\n\t\t\t<style>\/*! elementor - v3.19.0 - 26-02-2024 *\/\n.elementor-widget-text-editor.elementor-drop-cap-view-stacked .elementor-drop-cap{background-color:#69727d;color:#fff}.elementor-widget-text-editor.elementor-drop-cap-view-framed .elementor-drop-cap{color:#69727d;border:3px solid;background-color:transparent}.elementor-widget-text-editor:not(.elementor-drop-cap-view-default) .elementor-drop-cap{margin-top:8px}.elementor-widget-text-editor:not(.elementor-drop-cap-view-default) .elementor-drop-cap-letter{width:1em;height:1em}.elementor-widget-text-editor .elementor-drop-cap{float:left;text-align:center;line-height:1;font-size:50px}.elementor-widget-text-editor .elementor-drop-cap-letter{display:inline-block}<\/style>\t\t\t\t<h1><strong>TRAITEMENT THERMIQUE DES M\u00c9TAUX<\/strong><\/h1>\t\t\t\t\t\t<\/div>\n\t\t\t\t<\/div>\n\t\t\t\t<div class=\"elementor-element elementor-element-7aa7862e subtitulo elementor-widget elementor-widget-text-editor\" data-id=\"7aa7862e\" data-element_type=\"widget\" data-widget_type=\"text-editor.default\">\n\t\t\t\t<div class=\"elementor-widget-container\">\n\t\t\t\t\t\t\t<p>SONDES D\u2019OXYG\u00c8NE ET DE POTENTIEL DE CARBONE DANS LES FOURS DE TRAITEMENT THERMIQUE \u00c0 ATMOSPH\u00c8RE CONTR\u00d4L\u00c9E<\/p>\t\t\t\t\t\t<\/div>\n\t\t\t\t<\/div>\n\t\t\t\t<div class=\"elementor-element elementor-element-6d3f9d1c elementor-widget elementor-widget-text-editor\" data-id=\"6d3f9d1c\" data-element_type=\"widget\" data-widget_type=\"text-editor.default\">\n\t\t\t\t<div class=\"elementor-widget-container\">\n\t\t\t\t\t\t\t<p>OXYCOMB Sistemas propose aux traiteurs la gamme la plus compl\u00e8te de produits pour les fours \u00e0 atmosph\u00e8re contr\u00f4l\u00e9e: sondes \u00e0 oxyg\u00e8ne <strong>OPTIMA\u00ae XT<\/strong>, tableaux de contr\u00f4le et de surveillance du potentiel carbone DATATRACKER et groupes d&#8217;alimentation en air de r\u00e9f\u00e9rence et d&#8217;\u00e9puration XARL. Nous disposons \u00e9galement d&#8217;analyseurs de gaz portables, de cannes pyrom\u00e9triques, de courbes de temp\u00e9rature, etc.<\/p><p>OXYCOMB Sistemas est le seul fabricant national de sondes \u00e0 oxyg\u00e8ne pour le contr\u00f4le du <strong>potentiel de carbone<\/strong> dans les atmosph\u00e8res des fours de traitement thermique. Nos sondes OPTIMA\u00ae XT fournissent la mesure la plus fiable et la plus pr\u00e9cise ainsi qu&#8217;une plus grande durabilit\u00e9 que les autres fabricants. Et bien s\u00fbr, tout cela au meilleur prix.<\/p><p>OXYCOMB Systems propose \u00e0 ses clients un service de maintenance complet des sondes install\u00e9es, incluant le test, la certification et le nettoyage annuel. Votre tranquillit\u00e9 d\u2019esprit est notre meilleure garantie.<\/p>\t\t\t\t\t\t<\/div>\n\t\t\t\t<\/div>\n\t\t\t\t<div class=\"elementor-element elementor-element-842ab1d elementor-widget elementor-widget-html\" data-id=\"842ab1d\" data-element_type=\"widget\" data-widget_type=\"html.default\">\n\t\t\t\t<div class=\"elementor-widget-container\">\n\t\t\t<div style=\"text-align:center\">\n<a class=\"boton-imagen-home\" href=\"\/fr\/systeme-optima\/analyseurs-optima\/\">Analyseurs OPTIMA\u00ae OXT\n    <svg xmlns=\"http:\/\/www.w3.org\/2000\/svg\" height=\"30\" viewBox=\"0 -960 960 960\" width=\"35\">\n    <path style=\"fill:#000;\" d=\"m558-245-41-40.5 168-168H165V-511h520L516-680l41-40 238 238-237 237Z\"><\/path>\n    <\/svg>\n<\/a>\n<\/div>\t\t<\/div>\n\t\t\t\t<\/div>\n\t\t\t\t\t<\/div>\n\t\t<\/div>\n\t\t\t\t\t<\/div>\n\t\t<\/section>\n\t\t\t\t<section class=\"elementor-section elementor-top-section elementor-element elementor-element-38987d7e elementor-section-full_width elementor-section-height-default elementor-section-height-default\" data-id=\"38987d7e\" data-element_type=\"section\">\n\t\t\t\t\t\t<div class=\"elementor-container elementor-column-gap-default\">\n\t\t\t\t\t<div class=\"elementor-column elementor-col-100 elementor-top-column elementor-element elementor-element-60092f3e\" data-id=\"60092f3e\" data-element_type=\"column\">\n\t\t\t<div class=\"elementor-widget-wrap elementor-element-populated\">\n\t\t\t\t\t\t<div class=\"elementor-element elementor-element-3ae03fad elementor-widget elementor-widget-shortcode\" data-id=\"3ae03fad\" data-element_type=\"widget\" data-widget_type=\"shortcode.default\">\n\t\t\t\t<div class=\"elementor-widget-container\">\n\t\t\t\t\t<div class=\"elementor-shortcode\">\t\t<div data-elementor-type=\"section\" data-elementor-id=\"2710\" class=\"elementor elementor-2710\" data-elementor-post-type=\"elementor_library\">\n\t\t\t\t\t<div class=\"elementor-section-wrap\">\n\t\t\t\t\t\t\t\t<section class=\"elementor-section elementor-top-section elementor-element elementor-element-2136f6bb elementor-section-content-middle elementor-reverse-tablet elementor-reverse-mobile elementor-section-boxed elementor-section-height-default elementor-section-height-default\" data-id=\"2136f6bb\" data-element_type=\"section\" data-settings=\"{&quot;background_background&quot;:&quot;classic&quot;}\">\n\t\t\t\t\t\t<div class=\"elementor-container elementor-column-gap-no\">\n\t\t\t\t\t<div class=\"elementor-column elementor-col-100 elementor-top-column elementor-element elementor-element-62155d4\" data-id=\"62155d4\" data-element_type=\"column\">\n\t\t\t<div class=\"elementor-widget-wrap elementor-element-populated\">\n\t\t\t\t\t\t<div class=\"elementor-element elementor-element-1aeb66de elementor-widget__width-initial elementor-widget elementor-widget-heading\" data-id=\"1aeb66de\" data-element_type=\"widget\" data-widget_type=\"heading.default\">\n\t\t\t\t<div class=\"elementor-widget-container\">\n\t\t\t<style>\/*! elementor - v3.19.0 - 26-02-2024 *\/\n.elementor-heading-title{padding:0;margin:0;line-height:1}.elementor-widget-heading .elementor-heading-title[class*=elementor-size-]>a{color:inherit;font-size:inherit;line-height:inherit}.elementor-widget-heading .elementor-heading-title.elementor-size-small{font-size:15px}.elementor-widget-heading .elementor-heading-title.elementor-size-medium{font-size:19px}.elementor-widget-heading .elementor-heading-title.elementor-size-large{font-size:29px}.elementor-widget-heading .elementor-heading-title.elementor-size-xl{font-size:39px}.elementor-widget-heading .elementor-heading-title.elementor-size-xxl{font-size:59px}<\/style><p class=\"elementor-heading-title elementor-size-default\">DEMANDER PLUS D'INFORMATIONS<\/p>\t\t<\/div>\n\t\t\t\t<\/div>\n\t\t\t\t<div class=\"elementor-element elementor-element-1551f92 elementor-widget elementor-widget-spacer\" data-id=\"1551f92\" data-element_type=\"widget\" data-widget_type=\"spacer.default\">\n\t\t\t\t<div class=\"elementor-widget-container\">\n\t\t\t<style>\/*! elementor - v3.19.0 - 26-02-2024 *\/\n.elementor-column .elementor-spacer-inner{height:var(--spacer-size)}.e-con{--container-widget-width:100%}.e-con-inner>.elementor-widget-spacer,.e-con>.elementor-widget-spacer{width:var(--container-widget-width,var(--spacer-size));--align-self:var(--container-widget-align-self,initial);--flex-shrink:0}.e-con-inner>.elementor-widget-spacer>.elementor-widget-container,.e-con>.elementor-widget-spacer>.elementor-widget-container{height:100%;width:100%}.e-con-inner>.elementor-widget-spacer>.elementor-widget-container>.elementor-spacer,.e-con>.elementor-widget-spacer>.elementor-widget-container>.elementor-spacer{height:100%}.e-con-inner>.elementor-widget-spacer>.elementor-widget-container>.elementor-spacer>.elementor-spacer-inner,.e-con>.elementor-widget-spacer>.elementor-widget-container>.elementor-spacer>.elementor-spacer-inner{height:var(--container-widget-height,var(--spacer-size))}.e-con-inner>.elementor-widget-spacer.elementor-widget-empty,.e-con>.elementor-widget-spacer.elementor-widget-empty{position:relative;min-height:22px;min-width:22px}.e-con-inner>.elementor-widget-spacer.elementor-widget-empty .elementor-widget-empty-icon,.e-con>.elementor-widget-spacer.elementor-widget-empty .elementor-widget-empty-icon{position:absolute;top:0;bottom:0;left:0;right:0;margin:auto;padding:0;width:22px;height:22px}<\/style>\t\t<div class=\"elementor-spacer\">\n\t\t\t<div class=\"elementor-spacer-inner\"><\/div>\n\t\t<\/div>\n\t\t\t\t<\/div>\n\t\t\t\t<\/div>\n\t\t\t\t<div class=\"elementor-element elementor-element-19e64d7 elementor-widget elementor-widget-text-editor\" data-id=\"19e64d7\" data-element_type=\"widget\" data-widget_type=\"text-editor.default\">\n\t\t\t\t<div class=\"elementor-widget-container\">\n\t\t\t\t\t\t\t<p>Si vous \u00eates int\u00e9ress\u00e9 par nos syst\u00e8mes de contr\u00f4le de combustion, n\u2019h\u00e9sitez pas \u00e0 nous contacter. Notre \u00e9quipe vous conseillera pour am\u00e9liorer l\u2019efficacit\u00e9 de vos processus de combustion<\/p>\t\t\t\t\t\t<\/div>\n\t\t\t\t<\/div>\n\t\t\t\t<div class=\"elementor-element elementor-element-4b8459a elementor-widget elementor-widget-html\" data-id=\"4b8459a\" data-element_type=\"widget\" data-widget_type=\"html.default\">\n\t\t\t\t<div class=\"elementor-widget-container\">\n\t\t\t<div style=\"text-align: center\">\n<a class=\"boton-imagen-home\" href=\"\/fr\/contact\/\">CONTACTEZ-NOUS\n    <svg xmlns=\"http:\/\/www.w3.org\/2000\/svg\" height=\"30\" viewBox=\"0 -960 960 960\" width=\"35\">\n    <path style=\"fill:#000;\" d=\"m558-245-41-40.5 168-168H165V-511h520L516-680l41-40 238 238-237 237Z\"><\/path>\n    <\/svg>\n<\/a>\n<\/div>\t\t<\/div>\n\t\t\t\t<\/div>\n\t\t\t\t\t<\/div>\n\t\t<\/div>\n\t\t\t\t\t<\/div>\n\t\t<\/section>\n\t\t\t\t\t\t\t<\/div>\n\t\t\t\t<\/div>\n\t\t<\/div>\n\t\t\t\t<\/div>\n\t\t\t\t<\/div>\n\t\t\t\t\t<\/div>\n\t\t<\/div>\n\t\t\t\t\t<\/div>\n\t\t<\/section>\n\t\t\t\t<\/div>\n\t\t","protected":false},"excerpt":{"rendered":"<p>TRAITEMENT THERMIQUE DES M\u00c9TAUX SONDES D\u2019OXYG\u00c8NE ET DE POTENTIEL DE CARBONE DANS LES FOURS DE TRAITEMENT THERMIQUE \u00c0 ATMOSPH\u00c8RE CONTR\u00d4L\u00c9E OXYCOMB Sistemas propose aux traiteurs la gamme la plus compl\u00e8te de produits pour les fours \u00e0 atmosph\u00e8re contr\u00f4l\u00e9e: sondes \u00e0 oxyg\u00e8ne OPTIMA\u00ae XT, tableaux de contr\u00f4le et de surveillance du potentiel carbone DATATRACKER et groupes [&hellip;]<\/p>\n","protected":false},"author":1,"featured_media":0,"parent":2806,"menu_order":0,"comment_status":"closed","ping_status":"closed","template":"elementor_header_footer","meta":{"footnotes":""},"class_list":["post-2879","page","type-page","status-publish","hentry"],"aioseo_notices":[],"_links":{"self":[{"href":"https:\/\/www.oxycomb.com\/fr\/wp-json\/wp\/v2\/pages\/2879","targetHints":{"allow":["GET"]}}],"collection":[{"href":"https:\/\/www.oxycomb.com\/fr\/wp-json\/wp\/v2\/pages"}],"about":[{"href":"https:\/\/www.oxycomb.com\/fr\/wp-json\/wp\/v2\/types\/page"}],"author":[{"embeddable":true,"href":"https:\/\/www.oxycomb.com\/fr\/wp-json\/wp\/v2\/users\/1"}],"replies":[{"embeddable":true,"href":"https:\/\/www.oxycomb.com\/fr\/wp-json\/wp\/v2\/comments?post=2879"}],"version-history":[{"count":7,"href":"https:\/\/www.oxycomb.com\/fr\/wp-json\/wp\/v2\/pages\/2879\/revisions"}],"predecessor-version":[{"id":3273,"href":"https:\/\/www.oxycomb.com\/fr\/wp-json\/wp\/v2\/pages\/2879\/revisions\/3273"}],"up":[{"embeddable":true,"href":"https:\/\/www.oxycomb.com\/fr\/wp-json\/wp\/v2\/pages\/2806"}],"wp:attachment":[{"href":"https:\/\/www.oxycomb.com\/fr\/wp-json\/wp\/v2\/media?parent=2879"}],"curies":[{"name":"wp","href":"https:\/\/api.w.org\/{rel}","templated":true}]}}