{"id":2950,"date":"2024-03-07T16:13:52","date_gmt":"2024-03-07T15:13:52","guid":{"rendered":"https:\/\/www.oxycomb.com\/aplicaciones-sistema-control-combustion\/emisiones-atmosfericas\/"},"modified":"2024-07-05T10:12:48","modified_gmt":"2024-07-05T08:12:48","slug":"emissions","status":"publish","type":"page","link":"https:\/\/www.oxycomb.com\/fr\/applications-systeme-de-controle-de-combustion\/emissions\/","title":{"rendered":"\u00c9missions"},"content":{"rendered":"\t\t<div data-elementor-type=\"wp-page\" data-elementor-id=\"2950\" class=\"elementor elementor-2950\" data-elementor-post-type=\"page\">\n\t\t\t\t\t\t<section class=\"elementor-section elementor-top-section elementor-element elementor-element-5aac25f4 elementor-section-full_width elementor-section-height-default elementor-section-height-default\" data-id=\"5aac25f4\" data-element_type=\"section\">\n\t\t\t\t\t\t<div class=\"elementor-container elementor-column-gap-default\">\n\t\t\t\t\t<div class=\"elementor-column elementor-col-100 elementor-top-column elementor-element elementor-element-7d9bda88\" data-id=\"7d9bda88\" data-element_type=\"column\">\n\t\t\t<div class=\"elementor-widget-wrap elementor-element-populated\">\n\t\t\t\t\t\t<div class=\"elementor-element elementor-element-1d2a56a0 elementor-widget elementor-widget-image\" data-id=\"1d2a56a0\" data-element_type=\"widget\" data-widget_type=\"image.default\">\n\t\t\t\t<div class=\"elementor-widget-container\">\n\t\t\t<style>\/*! elementor - v3.19.0 - 26-02-2024 *\/\n.elementor-widget-image{text-align:center}.elementor-widget-image a{display:inline-block}.elementor-widget-image a img[src$=\".svg\"]{width:48px}.elementor-widget-image img{vertical-align:middle;display:inline-block}<\/style>\t\t\t\t\t\t\t\t\t\t<img fetchpriority=\"high\" decoding=\"async\" width=\"1920\" height=\"500\" src=\"https:\/\/www.oxycomb.com\/wp-content\/uploads\/2024\/03\/aplicacion-emisiones-sistema-optima.jpg\" class=\"attachment-full size-full wp-image-1379\" alt=\"aplicacion emisiones sistema optima\" srcset=\"https:\/\/www.oxycomb.com\/wp-content\/uploads\/2024\/03\/aplicacion-emisiones-sistema-optima.jpg 1920w, https:\/\/www.oxycomb.com\/wp-content\/uploads\/2024\/03\/aplicacion-emisiones-sistema-optima-300x78.jpg 300w, https:\/\/www.oxycomb.com\/wp-content\/uploads\/2024\/03\/aplicacion-emisiones-sistema-optima-1024x267.jpg 1024w, https:\/\/www.oxycomb.com\/wp-content\/uploads\/2024\/03\/aplicacion-emisiones-sistema-optima-768x200.jpg 768w, https:\/\/www.oxycomb.com\/wp-content\/uploads\/2024\/03\/aplicacion-emisiones-sistema-optima-1536x400.jpg 1536w\" sizes=\"(max-width: 1920px) 100vw, 1920px\" \/>\t\t\t\t\t\t\t\t\t\t\t\t\t<\/div>\n\t\t\t\t<\/div>\n\t\t\t\t\t<\/div>\n\t\t<\/div>\n\t\t\t\t\t<\/div>\n\t\t<\/section>\n\t\t\t\t<section class=\"elementor-section elementor-top-section elementor-element elementor-element-373a87d7 elementor-section-boxed elementor-section-height-default elementor-section-height-default\" data-id=\"373a87d7\" data-element_type=\"section\" data-settings=\"{&quot;background_background&quot;:&quot;classic&quot;}\">\n\t\t\t\t\t\t<div class=\"elementor-container elementor-column-gap-default\">\n\t\t\t\t\t<div class=\"elementor-column elementor-col-100 elementor-top-column elementor-element elementor-element-e9aabf3\" data-id=\"e9aabf3\" data-element_type=\"column\" data-settings=\"{&quot;background_background&quot;:&quot;classic&quot;}\">\n\t\t\t<div class=\"elementor-widget-wrap elementor-element-populated\">\n\t\t\t\t\t\t<div class=\"elementor-element elementor-element-6f1edb4d elementor-widget elementor-widget-text-editor\" data-id=\"6f1edb4d\" data-element_type=\"widget\" data-widget_type=\"text-editor.default\">\n\t\t\t\t<div class=\"elementor-widget-container\">\n\t\t\t<style>\/*! elementor - v3.19.0 - 26-02-2024 *\/\n.elementor-widget-text-editor.elementor-drop-cap-view-stacked .elementor-drop-cap{background-color:#69727d;color:#fff}.elementor-widget-text-editor.elementor-drop-cap-view-framed .elementor-drop-cap{color:#69727d;border:3px solid;background-color:transparent}.elementor-widget-text-editor:not(.elementor-drop-cap-view-default) .elementor-drop-cap{margin-top:8px}.elementor-widget-text-editor:not(.elementor-drop-cap-view-default) .elementor-drop-cap-letter{width:1em;height:1em}.elementor-widget-text-editor .elementor-drop-cap{float:left;text-align:center;line-height:1;font-size:50px}.elementor-widget-text-editor .elementor-drop-cap-letter{display:inline-block}<\/style>\t\t\t\t<h1><strong>\u00c9MISSIONS<\/strong><\/h1>\t\t\t\t\t\t<\/div>\n\t\t\t\t<\/div>\n\t\t\t\t<div class=\"elementor-element elementor-element-3054348 subtitulo elementor-widget elementor-widget-text-editor\" data-id=\"3054348\" data-element_type=\"widget\" data-widget_type=\"text-editor.default\">\n\t\t\t\t<div class=\"elementor-widget-container\">\n\t\t\t\t\t\t\t<p>SURVEILLANCE ET CONTR\u00d4LE DES \u00c9MISSIONS DANS DES CHEMIN\u00c9ES D&#8217;USINES INDUSTRIELLES<\/p>\t\t\t\t\t\t<\/div>\n\t\t\t\t<\/div>\n\t\t\t\t<div class=\"elementor-element elementor-element-8d8a581 elementor-widget elementor-widget-text-editor\" data-id=\"8d8a581\" data-element_type=\"widget\" data-widget_type=\"text-editor.default\">\n\t\t\t\t<div class=\"elementor-widget-container\">\n\t\t\t\t\t\t\t<p>OXYCOMB Sistemas est le seul fabricant espagnol de ces analyseurs et poss\u00e8de une vaste exp\u00e9rience dans les installations de contr\u00f4le des \u00e9missions canalis\u00e9es. Si votre AAI a besoin d\u2019un autocontr\u00f4le fiable avec des mesures en continu des principaux gaz polluants dans la chemin\u00e9e, nous sommes votre fournisseur.<\/p>\t\t\t\t\t\t<\/div>\n\t\t\t\t<\/div>\n\t\t\t\t\t<\/div>\n\t\t<\/div>\n\t\t\t\t\t<\/div>\n\t\t<\/section>\n\t\t\t\t<section class=\"elementor-section elementor-top-section elementor-element elementor-element-1ca39861 elementor-section-boxed elementor-section-height-default elementor-section-height-default\" data-id=\"1ca39861\" data-element_type=\"section\">\n\t\t\t\t\t\t<div class=\"elementor-container elementor-column-gap-default\">\n\t\t\t\t\t<div class=\"elementor-column elementor-col-100 elementor-top-column elementor-element elementor-element-3b6e4cfd\" data-id=\"3b6e4cfd\" data-element_type=\"column\">\n\t\t\t<div class=\"elementor-widget-wrap elementor-element-populated\">\n\t\t\t\t\t\t<section class=\"elementor-section elementor-inner-section elementor-element elementor-element-7066d8bc elementor-section-boxed elementor-section-height-default elementor-section-height-default\" data-id=\"7066d8bc\" data-element_type=\"section\">\n\t\t\t\t\t\t<div class=\"elementor-container elementor-column-gap-default\">\n\t\t\t\t\t<div class=\"elementor-column elementor-col-50 elementor-inner-column elementor-element elementor-element-497d6480\" data-id=\"497d6480\" data-element_type=\"column\" data-settings=\"{&quot;background_background&quot;:&quot;classic&quot;}\">\n\t\t\t<div class=\"elementor-widget-wrap elementor-element-populated\">\n\t\t\t\t\t\t<div class=\"elementor-element elementor-element-1eb5c094 oculto elementor-widget elementor-widget-image\" data-id=\"1eb5c094\" data-element_type=\"widget\" data-widget_type=\"image.default\">\n\t\t\t\t<div class=\"elementor-widget-container\">\n\t\t\t\t\t\t\t\t\t\t\t\t\t<img decoding=\"async\" width=\"490\" height=\"580\" src=\"https:\/\/www.oxycomb.com\/wp-content\/uploads\/2024\/03\/control-emisiones-ambientales-sistema-optima.jpg\" class=\"attachment-full size-full wp-image-1715\" alt=\"control emisiones ambientales sistema optima\" srcset=\"https:\/\/www.oxycomb.com\/wp-content\/uploads\/2024\/03\/control-emisiones-ambientales-sistema-optima.jpg 490w, https:\/\/www.oxycomb.com\/wp-content\/uploads\/2024\/03\/control-emisiones-ambientales-sistema-optima-253x300.jpg 253w\" sizes=\"(max-width: 490px) 100vw, 490px\" \/>\t\t\t\t\t\t\t\t\t\t\t\t\t<\/div>\n\t\t\t\t<\/div>\n\t\t\t\t\t<\/div>\n\t\t<\/div>\n\t\t\t\t<div class=\"elementor-column elementor-col-50 elementor-inner-column elementor-element elementor-element-3589032f\" data-id=\"3589032f\" data-element_type=\"column\">\n\t\t\t<div class=\"elementor-widget-wrap elementor-element-populated\">\n\t\t\t\t\t\t<div class=\"elementor-element elementor-element-42737641 elementor-widget elementor-widget-text-editor\" data-id=\"42737641\" data-element_type=\"widget\" data-widget_type=\"text-editor.default\">\n\t\t\t\t<div class=\"elementor-widget-container\">\n\t\t\t\t\t\t\t<p>Le contr\u00f4le continu des \u00e9missions polluantes dans l\u2019atmosph\u00e8re est un aspect qui a acquis une grande importance ces derniers temps. Tant de la part de l&#8217;UE que de ses diff\u00e9rents \u00e9tats membres, de grands efforts sont d\u00e9ploy\u00e9s pour jeter les bases de la pr\u00e9vention, de la surveillance et de la r\u00e9duction de la pollution atmosph\u00e9rique afin d&#8217;\u00e9viter les dommages qu&#8217;elle pourrait causer aux personnes ou \u00e0 l&#8217;environnement.<\/p><p>Les diff\u00e9rentes lois et arr\u00eat\u00e9s que les diff\u00e9rentes administrations ont approuv\u00e9s ont \u00e9t\u00e9 orient\u00e9s dans ce sens (Directive 2010\/75\/UE, Loi 2\/2006, loi 34\/2007, RD 100\/2011, RD 102\/2011, etc.).<\/p><p>Actuellement, toutes les entreprises sont class\u00e9es selon l\u2019activit\u00e9 potentiellement polluante de leurs installations. Dans de nombreux cas, la r\u00e9vision de l&#8217;autorisation environnementale int\u00e9gr\u00e9e (AAI) oblige les titulaires \u00e0 maintenir un contr\u00f4le interne de mesure et d&#8217;enregistrement continus des \u00e9missions canalis\u00e9es dans toutes les sources d&#8217;\u00e9mission existantes dans l&#8217;usine.<\/p><p>Les analyseurs <strong>BLUESKY\u00ae et OXCEMS\u00ae<\/strong> deviennent la technologie la plus appropri\u00e9e pour satisfaire aux exigences \u00e9tablies dans les r\u00e9visions\/renouvellements de l&#8217;AAI. Gr\u00e2ce \u00e0 eux, des mesures d&#8217;autocontr\u00f4le continues du %O<sub>2<\/sub>, CO, CO<sub>2<\/sub>, NOx, SO<sub>2<\/sub>, particules, temp\u00e9rature, etc. peuvent \u00eatre effectu\u00e9es dans les diff\u00e9rentes chemin\u00e9es d&#8217;usine.<\/p>\t\t\t\t\t\t<\/div>\n\t\t\t\t<\/div>\n\t\t\t\t<div class=\"elementor-element elementor-element-808e96b elementor-widget elementor-widget-html\" data-id=\"808e96b\" data-element_type=\"widget\" data-widget_type=\"html.default\">\n\t\t\t\t<div class=\"elementor-widget-container\">\n\t\t\t<div>\n<a class=\"boton-imagen-home\" href=\"\/fr\/systeme-optima\/analyseurs-oxcems\/\">Analyseurs OXCEMS\u00ae\n    <svg xmlns=\"http:\/\/www.w3.org\/2000\/svg\" height=\"30\" viewBox=\"0 -960 960 960\" width=\"35\">\n    <path style=\"fill:#000;\" d=\"m558-245-41-40.5 168-168H165V-511h520L516-680l41-40 238 238-237 237Z\"><\/path>\n    <\/svg>\n<\/a>\n<\/div>\t\t<\/div>\n\t\t\t\t<\/div>\n\t\t\t\t\t<\/div>\n\t\t<\/div>\n\t\t\t\t\t<\/div>\n\t\t<\/section>\n\t\t\t\t\t<\/div>\n\t\t<\/div>\n\t\t\t\t\t<\/div>\n\t\t<\/section>\n\t\t\t\t<section class=\"elementor-section elementor-top-section elementor-element elementor-element-5cef313d elementor-section-full_width elementor-section-height-default elementor-section-height-default\" data-id=\"5cef313d\" data-element_type=\"section\">\n\t\t\t\t\t\t<div class=\"elementor-container elementor-column-gap-default\">\n\t\t\t\t\t<div class=\"elementor-column elementor-col-100 elementor-top-column elementor-element elementor-element-34b15a05\" data-id=\"34b15a05\" data-element_type=\"column\">\n\t\t\t<div class=\"elementor-widget-wrap elementor-element-populated\">\n\t\t\t\t\t\t<div class=\"elementor-element elementor-element-411128bd elementor-widget elementor-widget-shortcode\" data-id=\"411128bd\" data-element_type=\"widget\" data-widget_type=\"shortcode.default\">\n\t\t\t\t<div class=\"elementor-widget-container\">\n\t\t\t\t\t<div class=\"elementor-shortcode\">\t\t<div data-elementor-type=\"section\" data-elementor-id=\"2710\" class=\"elementor elementor-2710\" data-elementor-post-type=\"elementor_library\">\n\t\t\t\t\t<div class=\"elementor-section-wrap\">\n\t\t\t\t\t\t\t\t<section class=\"elementor-section elementor-top-section elementor-element elementor-element-2136f6bb elementor-section-content-middle elementor-reverse-tablet elementor-reverse-mobile elementor-section-boxed elementor-section-height-default elementor-section-height-default\" data-id=\"2136f6bb\" data-element_type=\"section\" data-settings=\"{&quot;background_background&quot;:&quot;classic&quot;}\">\n\t\t\t\t\t\t<div class=\"elementor-container elementor-column-gap-no\">\n\t\t\t\t\t<div class=\"elementor-column elementor-col-100 elementor-top-column elementor-element elementor-element-62155d4\" data-id=\"62155d4\" data-element_type=\"column\">\n\t\t\t<div class=\"elementor-widget-wrap elementor-element-populated\">\n\t\t\t\t\t\t<div class=\"elementor-element elementor-element-1aeb66de elementor-widget__width-initial elementor-widget elementor-widget-heading\" data-id=\"1aeb66de\" data-element_type=\"widget\" data-widget_type=\"heading.default\">\n\t\t\t\t<div class=\"elementor-widget-container\">\n\t\t\t<style>\/*! elementor - v3.19.0 - 26-02-2024 *\/\n.elementor-heading-title{padding:0;margin:0;line-height:1}.elementor-widget-heading .elementor-heading-title[class*=elementor-size-]>a{color:inherit;font-size:inherit;line-height:inherit}.elementor-widget-heading .elementor-heading-title.elementor-size-small{font-size:15px}.elementor-widget-heading .elementor-heading-title.elementor-size-medium{font-size:19px}.elementor-widget-heading .elementor-heading-title.elementor-size-large{font-size:29px}.elementor-widget-heading .elementor-heading-title.elementor-size-xl{font-size:39px}.elementor-widget-heading .elementor-heading-title.elementor-size-xxl{font-size:59px}<\/style><p class=\"elementor-heading-title elementor-size-default\">DEMANDER PLUS D'INFORMATIONS<\/p>\t\t<\/div>\n\t\t\t\t<\/div>\n\t\t\t\t<div class=\"elementor-element elementor-element-1551f92 elementor-widget elementor-widget-spacer\" data-id=\"1551f92\" data-element_type=\"widget\" data-widget_type=\"spacer.default\">\n\t\t\t\t<div class=\"elementor-widget-container\">\n\t\t\t<style>\/*! elementor - v3.19.0 - 26-02-2024 *\/\n.elementor-column .elementor-spacer-inner{height:var(--spacer-size)}.e-con{--container-widget-width:100%}.e-con-inner>.elementor-widget-spacer,.e-con>.elementor-widget-spacer{width:var(--container-widget-width,var(--spacer-size));--align-self:var(--container-widget-align-self,initial);--flex-shrink:0}.e-con-inner>.elementor-widget-spacer>.elementor-widget-container,.e-con>.elementor-widget-spacer>.elementor-widget-container{height:100%;width:100%}.e-con-inner>.elementor-widget-spacer>.elementor-widget-container>.elementor-spacer,.e-con>.elementor-widget-spacer>.elementor-widget-container>.elementor-spacer{height:100%}.e-con-inner>.elementor-widget-spacer>.elementor-widget-container>.elementor-spacer>.elementor-spacer-inner,.e-con>.elementor-widget-spacer>.elementor-widget-container>.elementor-spacer>.elementor-spacer-inner{height:var(--container-widget-height,var(--spacer-size))}.e-con-inner>.elementor-widget-spacer.elementor-widget-empty,.e-con>.elementor-widget-spacer.elementor-widget-empty{position:relative;min-height:22px;min-width:22px}.e-con-inner>.elementor-widget-spacer.elementor-widget-empty .elementor-widget-empty-icon,.e-con>.elementor-widget-spacer.elementor-widget-empty .elementor-widget-empty-icon{position:absolute;top:0;bottom:0;left:0;right:0;margin:auto;padding:0;width:22px;height:22px}<\/style>\t\t<div class=\"elementor-spacer\">\n\t\t\t<div class=\"elementor-spacer-inner\"><\/div>\n\t\t<\/div>\n\t\t\t\t<\/div>\n\t\t\t\t<\/div>\n\t\t\t\t<div class=\"elementor-element elementor-element-19e64d7 elementor-widget elementor-widget-text-editor\" data-id=\"19e64d7\" data-element_type=\"widget\" data-widget_type=\"text-editor.default\">\n\t\t\t\t<div class=\"elementor-widget-container\">\n\t\t\t\t\t\t\t<p>Si vous \u00eates int\u00e9ress\u00e9 par nos syst\u00e8mes de contr\u00f4le de combustion, n\u2019h\u00e9sitez pas \u00e0 nous contacter. Notre \u00e9quipe vous conseillera pour am\u00e9liorer l\u2019efficacit\u00e9 de vos processus de combustion<\/p>\t\t\t\t\t\t<\/div>\n\t\t\t\t<\/div>\n\t\t\t\t<div class=\"elementor-element elementor-element-4b8459a elementor-widget elementor-widget-html\" data-id=\"4b8459a\" data-element_type=\"widget\" data-widget_type=\"html.default\">\n\t\t\t\t<div class=\"elementor-widget-container\">\n\t\t\t<div style=\"text-align: center\">\n<a class=\"boton-imagen-home\" href=\"\/fr\/contact\/\">CONTACTEZ-NOUS\n    <svg xmlns=\"http:\/\/www.w3.org\/2000\/svg\" height=\"30\" viewBox=\"0 -960 960 960\" width=\"35\">\n    <path style=\"fill:#000;\" d=\"m558-245-41-40.5 168-168H165V-511h520L516-680l41-40 238 238-237 237Z\"><\/path>\n    <\/svg>\n<\/a>\n<\/div>\t\t<\/div>\n\t\t\t\t<\/div>\n\t\t\t\t\t<\/div>\n\t\t<\/div>\n\t\t\t\t\t<\/div>\n\t\t<\/section>\n\t\t\t\t\t\t\t<\/div>\n\t\t\t\t<\/div>\n\t\t<\/div>\n\t\t\t\t<\/div>\n\t\t\t\t<\/div>\n\t\t\t\t\t<\/div>\n\t\t<\/div>\n\t\t\t\t\t<\/div>\n\t\t<\/section>\n\t\t\t\t<\/div>\n\t\t","protected":false},"excerpt":{"rendered":"<p>\u00c9MISSIONS SURVEILLANCE ET CONTR\u00d4LE DES \u00c9MISSIONS DANS DES CHEMIN\u00c9ES D&#8217;USINES INDUSTRIELLES OXYCOMB Sistemas est le seul fabricant espagnol de ces analyseurs et poss\u00e8de une vaste exp\u00e9rience dans les installations de contr\u00f4le des \u00e9missions canalis\u00e9es. Si votre AAI a besoin d\u2019un autocontr\u00f4le fiable avec des mesures en continu des principaux gaz polluants dans la chemin\u00e9e, nous [&hellip;]<\/p>\n","protected":false},"author":1,"featured_media":0,"parent":2806,"menu_order":0,"comment_status":"closed","ping_status":"closed","template":"elementor_header_footer","meta":{"footnotes":""},"class_list":["post-2950","page","type-page","status-publish","hentry"],"aioseo_notices":[],"_links":{"self":[{"href":"https:\/\/www.oxycomb.com\/fr\/wp-json\/wp\/v2\/pages\/2950","targetHints":{"allow":["GET"]}}],"collection":[{"href":"https:\/\/www.oxycomb.com\/fr\/wp-json\/wp\/v2\/pages"}],"about":[{"href":"https:\/\/www.oxycomb.com\/fr\/wp-json\/wp\/v2\/types\/page"}],"author":[{"embeddable":true,"href":"https:\/\/www.oxycomb.com\/fr\/wp-json\/wp\/v2\/users\/1"}],"replies":[{"embeddable":true,"href":"https:\/\/www.oxycomb.com\/fr\/wp-json\/wp\/v2\/comments?post=2950"}],"version-history":[{"count":7,"href":"https:\/\/www.oxycomb.com\/fr\/wp-json\/wp\/v2\/pages\/2950\/revisions"}],"predecessor-version":[{"id":3276,"href":"https:\/\/www.oxycomb.com\/fr\/wp-json\/wp\/v2\/pages\/2950\/revisions\/3276"}],"up":[{"embeddable":true,"href":"https:\/\/www.oxycomb.com\/fr\/wp-json\/wp\/v2\/pages\/2806"}],"wp:attachment":[{"href":"https:\/\/www.oxycomb.com\/fr\/wp-json\/wp\/v2\/media?parent=2950"}],"curies":[{"name":"wp","href":"https:\/\/api.w.org\/{rel}","templated":true}]}}