{"id":2966,"date":"2024-03-07T16:12:20","date_gmt":"2024-03-07T15:12:20","guid":{"rendered":"https:\/\/www.oxycomb.com\/aplicaciones-sistema-control-combustion\/fritas-y-esmaltes\/"},"modified":"2024-07-05T10:13:10","modified_gmt":"2024-07-05T08:13:10","slug":"frites-ceramiques-et-emaux","status":"publish","type":"page","link":"https:\/\/www.oxycomb.com\/fr\/applications-systeme-de-controle-de-combustion\/frites-ceramiques-et-emaux\/","title":{"rendered":"Frites Ceramiques et \u00c9maux"},"content":{"rendered":"\t\t<div data-elementor-type=\"wp-page\" data-elementor-id=\"2966\" class=\"elementor elementor-2966\" data-elementor-post-type=\"page\">\n\t\t\t\t\t\t<section class=\"elementor-section elementor-top-section elementor-element elementor-element-304cbff9 elementor-section-full_width elementor-section-height-default elementor-section-height-default\" data-id=\"304cbff9\" data-element_type=\"section\">\n\t\t\t\t\t\t<div class=\"elementor-container elementor-column-gap-default\">\n\t\t\t\t\t<div class=\"elementor-column elementor-col-100 elementor-top-column elementor-element elementor-element-22c443ed\" data-id=\"22c443ed\" data-element_type=\"column\">\n\t\t\t<div class=\"elementor-widget-wrap elementor-element-populated\">\n\t\t\t\t\t\t<div class=\"elementor-element elementor-element-106cd04b elementor-widget elementor-widget-image\" data-id=\"106cd04b\" data-element_type=\"widget\" data-widget_type=\"image.default\">\n\t\t\t\t<div class=\"elementor-widget-container\">\n\t\t\t<style>\/*! elementor - v3.19.0 - 26-02-2024 *\/\n.elementor-widget-image{text-align:center}.elementor-widget-image a{display:inline-block}.elementor-widget-image a img[src$=\".svg\"]{width:48px}.elementor-widget-image img{vertical-align:middle;display:inline-block}<\/style>\t\t\t\t\t\t\t\t\t\t<img fetchpriority=\"high\" decoding=\"async\" width=\"1920\" height=\"500\" src=\"https:\/\/www.oxycomb.com\/wp-content\/uploads\/2024\/03\/aplicacion-esmaltes-sistema-optima.jpg\" class=\"attachment-full size-full wp-image-1380\" alt=\"aplicacion esmaltes sistema optima\" srcset=\"https:\/\/www.oxycomb.com\/wp-content\/uploads\/2024\/03\/aplicacion-esmaltes-sistema-optima.jpg 1920w, https:\/\/www.oxycomb.com\/wp-content\/uploads\/2024\/03\/aplicacion-esmaltes-sistema-optima-300x78.jpg 300w, https:\/\/www.oxycomb.com\/wp-content\/uploads\/2024\/03\/aplicacion-esmaltes-sistema-optima-1024x267.jpg 1024w, https:\/\/www.oxycomb.com\/wp-content\/uploads\/2024\/03\/aplicacion-esmaltes-sistema-optima-768x200.jpg 768w, https:\/\/www.oxycomb.com\/wp-content\/uploads\/2024\/03\/aplicacion-esmaltes-sistema-optima-1536x400.jpg 1536w\" sizes=\"(max-width: 1920px) 100vw, 1920px\" \/>\t\t\t\t\t\t\t\t\t\t\t\t\t<\/div>\n\t\t\t\t<\/div>\n\t\t\t\t\t<\/div>\n\t\t<\/div>\n\t\t\t\t\t<\/div>\n\t\t<\/section>\n\t\t\t\t<section class=\"elementor-section elementor-top-section elementor-element elementor-element-10cbd9a9 elementor-section-boxed elementor-section-height-default elementor-section-height-default\" data-id=\"10cbd9a9\" data-element_type=\"section\" data-settings=\"{&quot;background_background&quot;:&quot;classic&quot;}\">\n\t\t\t\t\t\t<div class=\"elementor-container elementor-column-gap-default\">\n\t\t\t\t\t<div class=\"elementor-column elementor-col-100 elementor-top-column elementor-element elementor-element-17927cef\" data-id=\"17927cef\" data-element_type=\"column\" data-settings=\"{&quot;background_background&quot;:&quot;classic&quot;}\">\n\t\t\t<div class=\"elementor-widget-wrap elementor-element-populated\">\n\t\t\t\t\t\t<div class=\"elementor-element elementor-element-253b9da7 elementor-widget elementor-widget-text-editor\" data-id=\"253b9da7\" data-element_type=\"widget\" data-widget_type=\"text-editor.default\">\n\t\t\t\t<div class=\"elementor-widget-container\">\n\t\t\t<style>\/*! elementor - v3.19.0 - 26-02-2024 *\/\n.elementor-widget-text-editor.elementor-drop-cap-view-stacked .elementor-drop-cap{background-color:#69727d;color:#fff}.elementor-widget-text-editor.elementor-drop-cap-view-framed .elementor-drop-cap{color:#69727d;border:3px solid;background-color:transparent}.elementor-widget-text-editor:not(.elementor-drop-cap-view-default) .elementor-drop-cap{margin-top:8px}.elementor-widget-text-editor:not(.elementor-drop-cap-view-default) .elementor-drop-cap-letter{width:1em;height:1em}.elementor-widget-text-editor .elementor-drop-cap{float:left;text-align:center;line-height:1;font-size:50px}.elementor-widget-text-editor .elementor-drop-cap-letter{display:inline-block}<\/style>\t\t\t\t<h1>FRITES CERAMIQUES ET \u00c9MAUX<\/h1>\t\t\t\t\t\t<\/div>\n\t\t\t\t<\/div>\n\t\t\t\t<div class=\"elementor-element elementor-element-2a1c948b subtitulo elementor-widget elementor-widget-text-editor\" data-id=\"2a1c948b\" data-element_type=\"widget\" data-widget_type=\"text-editor.default\">\n\t\t\t\t<div class=\"elementor-widget-container\">\n\t\t\t\t\t\t\t<p>\u00c9CONOMIES D&#8217;\u00c9NERGIE ET \u200b\u200bEFFICACIT\u00c9 DES FOURS DE FUSION \u00c0 R\u00c9CUP\u00c9RATION<\/p>\t\t\t\t\t\t<\/div>\n\t\t\t\t<\/div>\n\t\t\t\t<div class=\"elementor-element elementor-element-77e09880 elementor-widget elementor-widget-text-editor\" data-id=\"77e09880\" data-element_type=\"widget\" data-widget_type=\"text-editor.default\">\n\t\t\t\t<div class=\"elementor-widget-container\">\n\t\t\t\t\t\t\t<p>Dans les fours de fusion de frittes c\u00e9ramiques, la combustion se produit \u00e0 l\u2019aide de gaz naturel et d\u2019un comburant qui peut \u00eatre de l\u2019air ou de l\u2019O<sub>2<\/sub>.<\/p><p>Dans les fours avec br\u00fbleurs gaz\/air, une bonne r\u00e9gulation de l&#8217;air du br\u00fbleur et son \u00e9quilibre avec la pression interne du four peuvent r\u00e9duire l&#8217;exc\u00e8s de %O<sub>2<\/sub> dans des plages de 1% \u00e0 2%, ce qui implique des \u00e9conomies standards de 3% \u00e0 5%. % de carburant, en plus de r\u00e9duire la quantit\u00e9 d&#8217;\u00e9missions de CO<sub>2<\/sub> et de NO<sub>X <\/sub>produites.<\/p><p>Dans les fours \u00e9quip\u00e9s de br\u00fbleurs gaz\/O<sub>2<\/sub>, le contr\u00f4le du niveau d&#8217;oxydation de l&#8217;atmosph\u00e8re du four permet un r\u00e9glage plus fin de la consommation d&#8217;O<sub>2<\/sub> et de combustible. De plus, dans les installations produisant leur propre O<sub>2<\/sub>, des variations de sa puret\u00e9 (90\u00a0% \u00e0 95\u00a0%) sont courantes, ce qui rend le contr\u00f4le continu de l&#8217;atmosph\u00e8re de combustion encore plus crucial.<\/p><p>De mani\u00e8re g\u00e9n\u00e9rale, un four de fritte c\u00e9ramique sans contr\u00f4le continu de l&#8217;exc\u00e8s d&#8217;O<sub>2<\/sub> dans la chambre g\u00e9n\u00e8re :<\/p><ul><li>Consommation superieure de carburant et de comburant (O<sub>2<\/sub>).<\/li><li>Dommages structurels au r\u00e9fractaire du four.<\/li><li>Probl\u00e8mes possibles dans la qualit\u00e9 du produit final (bullages, tons, etc.).<\/li><li>Une plus grande pollution (CO<sub>2<\/sub>, CO, imbr\u00fbl\u00e9s, etc.).<\/li><li>Variation de l&#8217;atmosph\u00e8re due aux changements de puret\u00e9 de l&#8217;O<sub>2<\/sub><\/li><\/ul>\t\t\t\t\t\t<\/div>\n\t\t\t\t<\/div>\n\t\t\t\t<div class=\"elementor-element elementor-element-2aab7f2 elementor-widget elementor-widget-html\" data-id=\"2aab7f2\" data-element_type=\"widget\" data-widget_type=\"html.default\">\n\t\t\t\t<div class=\"elementor-widget-container\">\n\t\t\t<div style=\"text-align:center\">\n<a class=\"boton-imagen-home\" href=\"\/fr\/systeme-optima\/analyseurs-optima\/\">Analyseurs OPTIMA\u00ae\n    <svg xmlns=\"http:\/\/www.w3.org\/2000\/svg\" height=\"30\" viewBox=\"0 -960 960 960\" width=\"35\">\n    <path style=\"fill:#000;\" d=\"m558-245-41-40.5 168-168H165V-511h520L516-680l41-40 238 238-237 237Z\"><\/path>\n    <\/svg>\n<\/a>\n<\/div>\t\t<\/div>\n\t\t\t\t<\/div>\n\t\t\t\t<div class=\"elementor-element elementor-element-6e85e43 elementor-widget elementor-widget-text-editor\" data-id=\"6e85e43\" data-element_type=\"widget\" data-widget_type=\"text-editor.default\">\n\t\t\t\t<div class=\"elementor-widget-container\">\n\t\t\t\t\t\t\t\t\t\t\t\t\t<\/div>\n\t\t\t\t<\/div>\n\t\t\t\t\t<\/div>\n\t\t<\/div>\n\t\t\t\t\t<\/div>\n\t\t<\/section>\n\t\t\t\t<section class=\"elementor-section elementor-top-section elementor-element elementor-element-35f282e0 elementor-section-full_width elementor-section-height-default elementor-section-height-default\" data-id=\"35f282e0\" data-element_type=\"section\">\n\t\t\t\t\t\t<div class=\"elementor-container elementor-column-gap-default\">\n\t\t\t\t\t<div class=\"elementor-column elementor-col-100 elementor-top-column elementor-element elementor-element-1fab97c9\" data-id=\"1fab97c9\" data-element_type=\"column\">\n\t\t\t<div class=\"elementor-widget-wrap elementor-element-populated\">\n\t\t\t\t\t\t<div class=\"elementor-element elementor-element-53dee4f7 elementor-widget elementor-widget-shortcode\" data-id=\"53dee4f7\" data-element_type=\"widget\" data-widget_type=\"shortcode.default\">\n\t\t\t\t<div class=\"elementor-widget-container\">\n\t\t\t\t\t<div class=\"elementor-shortcode\">\t\t<div data-elementor-type=\"section\" data-elementor-id=\"2710\" class=\"elementor elementor-2710\" data-elementor-post-type=\"elementor_library\">\n\t\t\t\t\t<div class=\"elementor-section-wrap\">\n\t\t\t\t\t\t\t\t<section class=\"elementor-section elementor-top-section elementor-element elementor-element-2136f6bb elementor-section-content-middle elementor-reverse-tablet elementor-reverse-mobile elementor-section-boxed elementor-section-height-default elementor-section-height-default\" data-id=\"2136f6bb\" data-element_type=\"section\" data-settings=\"{&quot;background_background&quot;:&quot;classic&quot;}\">\n\t\t\t\t\t\t<div class=\"elementor-container elementor-column-gap-no\">\n\t\t\t\t\t<div class=\"elementor-column elementor-col-100 elementor-top-column elementor-element elementor-element-62155d4\" data-id=\"62155d4\" data-element_type=\"column\">\n\t\t\t<div class=\"elementor-widget-wrap elementor-element-populated\">\n\t\t\t\t\t\t<div class=\"elementor-element elementor-element-1aeb66de elementor-widget__width-initial elementor-widget elementor-widget-heading\" data-id=\"1aeb66de\" data-element_type=\"widget\" data-widget_type=\"heading.default\">\n\t\t\t\t<div class=\"elementor-widget-container\">\n\t\t\t<style>\/*! elementor - v3.19.0 - 26-02-2024 *\/\n.elementor-heading-title{padding:0;margin:0;line-height:1}.elementor-widget-heading .elementor-heading-title[class*=elementor-size-]>a{color:inherit;font-size:inherit;line-height:inherit}.elementor-widget-heading .elementor-heading-title.elementor-size-small{font-size:15px}.elementor-widget-heading .elementor-heading-title.elementor-size-medium{font-size:19px}.elementor-widget-heading .elementor-heading-title.elementor-size-large{font-size:29px}.elementor-widget-heading .elementor-heading-title.elementor-size-xl{font-size:39px}.elementor-widget-heading .elementor-heading-title.elementor-size-xxl{font-size:59px}<\/style><p class=\"elementor-heading-title elementor-size-default\">DEMANDER PLUS D'INFORMATIONS<\/p>\t\t<\/div>\n\t\t\t\t<\/div>\n\t\t\t\t<div class=\"elementor-element elementor-element-1551f92 elementor-widget elementor-widget-spacer\" data-id=\"1551f92\" data-element_type=\"widget\" data-widget_type=\"spacer.default\">\n\t\t\t\t<div class=\"elementor-widget-container\">\n\t\t\t<style>\/*! elementor - v3.19.0 - 26-02-2024 *\/\n.elementor-column .elementor-spacer-inner{height:var(--spacer-size)}.e-con{--container-widget-width:100%}.e-con-inner>.elementor-widget-spacer,.e-con>.elementor-widget-spacer{width:var(--container-widget-width,var(--spacer-size));--align-self:var(--container-widget-align-self,initial);--flex-shrink:0}.e-con-inner>.elementor-widget-spacer>.elementor-widget-container,.e-con>.elementor-widget-spacer>.elementor-widget-container{height:100%;width:100%}.e-con-inner>.elementor-widget-spacer>.elementor-widget-container>.elementor-spacer,.e-con>.elementor-widget-spacer>.elementor-widget-container>.elementor-spacer{height:100%}.e-con-inner>.elementor-widget-spacer>.elementor-widget-container>.elementor-spacer>.elementor-spacer-inner,.e-con>.elementor-widget-spacer>.elementor-widget-container>.elementor-spacer>.elementor-spacer-inner{height:var(--container-widget-height,var(--spacer-size))}.e-con-inner>.elementor-widget-spacer.elementor-widget-empty,.e-con>.elementor-widget-spacer.elementor-widget-empty{position:relative;min-height:22px;min-width:22px}.e-con-inner>.elementor-widget-spacer.elementor-widget-empty .elementor-widget-empty-icon,.e-con>.elementor-widget-spacer.elementor-widget-empty .elementor-widget-empty-icon{position:absolute;top:0;bottom:0;left:0;right:0;margin:auto;padding:0;width:22px;height:22px}<\/style>\t\t<div class=\"elementor-spacer\">\n\t\t\t<div class=\"elementor-spacer-inner\"><\/div>\n\t\t<\/div>\n\t\t\t\t<\/div>\n\t\t\t\t<\/div>\n\t\t\t\t<div class=\"elementor-element elementor-element-19e64d7 elementor-widget elementor-widget-text-editor\" data-id=\"19e64d7\" data-element_type=\"widget\" data-widget_type=\"text-editor.default\">\n\t\t\t\t<div class=\"elementor-widget-container\">\n\t\t\t\t\t\t\t<p>Si vous \u00eates int\u00e9ress\u00e9 par nos syst\u00e8mes de contr\u00f4le de combustion, n\u2019h\u00e9sitez pas \u00e0 nous contacter. Notre \u00e9quipe vous conseillera pour am\u00e9liorer l\u2019efficacit\u00e9 de vos processus de combustion<\/p>\t\t\t\t\t\t<\/div>\n\t\t\t\t<\/div>\n\t\t\t\t<div class=\"elementor-element elementor-element-4b8459a elementor-widget elementor-widget-html\" data-id=\"4b8459a\" data-element_type=\"widget\" data-widget_type=\"html.default\">\n\t\t\t\t<div class=\"elementor-widget-container\">\n\t\t\t<div style=\"text-align: center\">\n<a class=\"boton-imagen-home\" href=\"\/fr\/contact\/\">CONTACTEZ-NOUS\n    <svg xmlns=\"http:\/\/www.w3.org\/2000\/svg\" height=\"30\" viewBox=\"0 -960 960 960\" width=\"35\">\n    <path style=\"fill:#000;\" d=\"m558-245-41-40.5 168-168H165V-511h520L516-680l41-40 238 238-237 237Z\"><\/path>\n    <\/svg>\n<\/a>\n<\/div>\t\t<\/div>\n\t\t\t\t<\/div>\n\t\t\t\t\t<\/div>\n\t\t<\/div>\n\t\t\t\t\t<\/div>\n\t\t<\/section>\n\t\t\t\t\t\t\t<\/div>\n\t\t\t\t<\/div>\n\t\t<\/div>\n\t\t\t\t<\/div>\n\t\t\t\t<\/div>\n\t\t\t\t\t<\/div>\n\t\t<\/div>\n\t\t\t\t\t<\/div>\n\t\t<\/section>\n\t\t\t\t<\/div>\n\t\t","protected":false},"excerpt":{"rendered":"<p>FRITES CERAMIQUES ET \u00c9MAUX \u00c9CONOMIES D&#8217;\u00c9NERGIE ET \u200b\u200bEFFICACIT\u00c9 DES FOURS DE FUSION \u00c0 R\u00c9CUP\u00c9RATION Dans les fours de fusion de frittes c\u00e9ramiques, la combustion se produit \u00e0 l\u2019aide de gaz naturel et d\u2019un comburant qui peut \u00eatre de l\u2019air ou de l\u2019O2. Dans les fours avec br\u00fbleurs gaz\/air, une bonne r\u00e9gulation de l&#8217;air du br\u00fbleur [&hellip;]<\/p>\n","protected":false},"author":1,"featured_media":0,"parent":2806,"menu_order":0,"comment_status":"closed","ping_status":"closed","template":"elementor_header_footer","meta":{"footnotes":""},"class_list":["post-2966","page","type-page","status-publish","hentry"],"aioseo_notices":[],"_links":{"self":[{"href":"https:\/\/www.oxycomb.com\/fr\/wp-json\/wp\/v2\/pages\/2966","targetHints":{"allow":["GET"]}}],"collection":[{"href":"https:\/\/www.oxycomb.com\/fr\/wp-json\/wp\/v2\/pages"}],"about":[{"href":"https:\/\/www.oxycomb.com\/fr\/wp-json\/wp\/v2\/types\/page"}],"author":[{"embeddable":true,"href":"https:\/\/www.oxycomb.com\/fr\/wp-json\/wp\/v2\/users\/1"}],"replies":[{"embeddable":true,"href":"https:\/\/www.oxycomb.com\/fr\/wp-json\/wp\/v2\/comments?post=2966"}],"version-history":[{"count":10,"href":"https:\/\/www.oxycomb.com\/fr\/wp-json\/wp\/v2\/pages\/2966\/revisions"}],"predecessor-version":[{"id":3279,"href":"https:\/\/www.oxycomb.com\/fr\/wp-json\/wp\/v2\/pages\/2966\/revisions\/3279"}],"up":[{"embeddable":true,"href":"https:\/\/www.oxycomb.com\/fr\/wp-json\/wp\/v2\/pages\/2806"}],"wp:attachment":[{"href":"https:\/\/www.oxycomb.com\/fr\/wp-json\/wp\/v2\/media?parent=2966"}],"curies":[{"name":"wp","href":"https:\/\/api.w.org\/{rel}","templated":true}]}}