{"id":3024,"date":"2024-02-28T15:10:02","date_gmt":"2024-02-28T14:10:02","guid":{"rendered":"https:\/\/www.oxycomb.com\/sistema-optima\/analizadores-bluesky\/"},"modified":"2024-06-18T12:11:31","modified_gmt":"2024-06-18T10:11:31","slug":"analyseurs-bluesky","status":"publish","type":"page","link":"https:\/\/www.oxycomb.com\/fr\/systeme-optima\/analyseurs-bluesky\/","title":{"rendered":"ANALYSEURS BLUESKY"},"content":{"rendered":"\t\t<div data-elementor-type=\"wp-page\" data-elementor-id=\"3024\" class=\"elementor elementor-3024\" data-elementor-post-type=\"page\">\n\t\t\t\t\t\t<section class=\"elementor-section elementor-top-section elementor-element elementor-element-777ca684 elementor-section-full_width elementor-section-height-default elementor-section-height-default\" data-id=\"777ca684\" data-element_type=\"section\">\n\t\t\t\t\t\t<div class=\"elementor-container elementor-column-gap-default\">\n\t\t\t\t\t<div class=\"elementor-column elementor-col-100 elementor-top-column elementor-element elementor-element-5b23e274\" data-id=\"5b23e274\" data-element_type=\"column\">\n\t\t\t<div class=\"elementor-widget-wrap elementor-element-populated\">\n\t\t\t\t\t\t<div class=\"elementor-element elementor-element-4737108 elementor-widget elementor-widget-image\" data-id=\"4737108\" data-element_type=\"widget\" data-widget_type=\"image.default\">\n\t\t\t\t<div class=\"elementor-widget-container\">\n\t\t\t<style>\/*! elementor - v3.19.0 - 26-02-2024 *\/\n.elementor-widget-image{text-align:center}.elementor-widget-image a{display:inline-block}.elementor-widget-image a img[src$=\".svg\"]{width:48px}.elementor-widget-image img{vertical-align:middle;display:inline-block}<\/style>\t\t\t\t\t\t\t\t\t\t<img fetchpriority=\"high\" decoding=\"async\" width=\"1920\" height=\"500\" src=\"https:\/\/www.oxycomb.com\/wp-content\/uploads\/2024\/03\/analizador-bluesky-oxycomb-sistemas.jpg\" class=\"attachment-full size-full wp-image-1890\" alt=\"analizador bluesky oxycomb sistemas\" srcset=\"https:\/\/www.oxycomb.com\/wp-content\/uploads\/2024\/03\/analizador-bluesky-oxycomb-sistemas.jpg 1920w, https:\/\/www.oxycomb.com\/wp-content\/uploads\/2024\/03\/analizador-bluesky-oxycomb-sistemas-300x78.jpg 300w, https:\/\/www.oxycomb.com\/wp-content\/uploads\/2024\/03\/analizador-bluesky-oxycomb-sistemas-1024x267.jpg 1024w, https:\/\/www.oxycomb.com\/wp-content\/uploads\/2024\/03\/analizador-bluesky-oxycomb-sistemas-768x200.jpg 768w, https:\/\/www.oxycomb.com\/wp-content\/uploads\/2024\/03\/analizador-bluesky-oxycomb-sistemas-1536x400.jpg 1536w\" sizes=\"(max-width: 1920px) 100vw, 1920px\" \/>\t\t\t\t\t\t\t\t\t\t\t\t\t<\/div>\n\t\t\t\t<\/div>\n\t\t\t\t\t<\/div>\n\t\t<\/div>\n\t\t\t\t\t<\/div>\n\t\t<\/section>\n\t\t\t\t<section class=\"elementor-section elementor-top-section elementor-element elementor-element-2ed396fa elementor-section-boxed elementor-section-height-default elementor-section-height-default\" data-id=\"2ed396fa\" data-element_type=\"section\" data-settings=\"{&quot;background_background&quot;:&quot;classic&quot;}\">\n\t\t\t\t\t\t<div class=\"elementor-container elementor-column-gap-default\">\n\t\t\t\t\t<div class=\"elementor-column elementor-col-100 elementor-top-column elementor-element elementor-element-7b9f351b\" data-id=\"7b9f351b\" data-element_type=\"column\" data-settings=\"{&quot;background_background&quot;:&quot;classic&quot;}\">\n\t\t\t<div class=\"elementor-widget-wrap elementor-element-populated\">\n\t\t\t\t\t\t<div class=\"elementor-element elementor-element-10ebde66 elementor-widget__width-initial elementor-widget elementor-widget-text-editor\" data-id=\"10ebde66\" data-element_type=\"widget\" data-widget_type=\"text-editor.default\">\n\t\t\t\t<div class=\"elementor-widget-container\">\n\t\t\t<style>\/*! elementor - v3.19.0 - 26-02-2024 *\/\n.elementor-widget-text-editor.elementor-drop-cap-view-stacked .elementor-drop-cap{background-color:#69727d;color:#fff}.elementor-widget-text-editor.elementor-drop-cap-view-framed .elementor-drop-cap{color:#69727d;border:3px solid;background-color:transparent}.elementor-widget-text-editor:not(.elementor-drop-cap-view-default) .elementor-drop-cap{margin-top:8px}.elementor-widget-text-editor:not(.elementor-drop-cap-view-default) .elementor-drop-cap-letter{width:1em;height:1em}.elementor-widget-text-editor .elementor-drop-cap{float:left;text-align:center;line-height:1;font-size:50px}.elementor-widget-text-editor .elementor-drop-cap-letter{display:inline-block}<\/style>\t\t\t\t<h1><strong>ANALYSEURS BLUESKY\u00ae<\/strong><\/h1>\t\t\t\t\t\t<\/div>\n\t\t\t\t<\/div>\n\t\t\t\t<div class=\"elementor-element elementor-element-4254852a subtitulo elementor-widget elementor-widget-text-editor\" data-id=\"4254852a\" data-element_type=\"widget\" data-widget_type=\"text-editor.default\">\n\t\t\t\t<div class=\"elementor-widget-container\">\n\t\t\t\t\t\t\t<p>ANALYSEURS D&#8217;OXYG\u00c8NE, PRESSION ET D&#8217;HUMIDIT\u00c9 IN SITU ET CONTINUS \u00c0 BASSE TEMP\u00c9RATURE<\/p>\t\t\t\t\t\t<\/div>\n\t\t\t\t<\/div>\n\t\t\t\t<div class=\"elementor-element elementor-element-516e8283 elementor-widget elementor-widget-text-editor\" data-id=\"516e8283\" data-element_type=\"widget\" data-widget_type=\"text-editor.default\">\n\t\t\t\t<div class=\"elementor-widget-container\">\n\t\t\t\t\t\t\t<p>Les analyseurs BLUESKY\u00ae mesurent en continu et directement le %O<sub>2<\/sub>, la pression, la temp\u00e9rature et l&#8217;humidit\u00e9 relative pr\u00e9sents dans les gaz de combustion \u00e0 l&#8217;int\u00e9rieur de tout four, chaudi\u00e8re, s\u00e9choir industriel ou chemin\u00e9e. De m\u00eame, nous disposons de la technologie BKY-CO\u00ae qui int\u00e8gre \u00e9galement des mesures calcul\u00e9es du %CO<sub>2<\/sub> et du CO, ce qui les rend uniques sur le march\u00e9.<\/p><p>Il s&#8217;agit d&#8217;analyseurs de zircone NON EXTRACTIFS avec une plage de temp\u00e9rature de travail comprise entre 50\u00baC et 800\u00baC (selon les applications). Sa mise en \u0153uvre est tr\u00e8s simple puisqu&#8217;elle n\u00e9cessite uniquement l&#8217;introduction de la lance de pr\u00e9l\u00e8vement, int\u00e9gr\u00e9e \u00e0 l&#8217;analyseur, dans le flux gazeux. L&#8217;analyseur expos\u00e9 aux gaz analyse sa composition en temps r\u00e9el.<\/p><p>Les analyseurs BLUESKY\u00ae peuvent \u00eatre install\u00e9s aussi bien en int\u00e9rieur qu&#8217;en ext\u00e9rieur et en position horizontale ou verticale, selon les sp\u00e9cifications de chaque application (temp\u00e9rature, sens du flux de gaz, etc.).<\/p><p>Nous disposons d\u2019une large gamme de supports et de barri\u00e8res de protection pour le montage des \u00e9quipements. La retransmission des signaux s&#8217;effectue \u00e0 travers des tuyaux blind\u00e9s et des connecteurs \u00e0 faible imp\u00e9dance afin que l&#8217;existence de bruit \u00e9lectrique n&#8217;affecte pas les mesures.<\/p><p>Les analyseurs BLUESKY\u00ae r\u00e9sistent aux chocs m\u00e9caniques et thermiques et sont fabriqu\u00e9s avec des mat\u00e9riaux de premi\u00e8re qualit\u00e9. Ces \u00e9quipements n\u00e9cessitent peu d\u2019entretien, recommandant uniquement un nettoyage et une certification annuels. Tout le mat\u00e9riel est livr\u00e9 avec son certificat de qualit\u00e9 correspondant.<\/p>\t\t\t\t\t\t<\/div>\n\t\t\t\t<\/div>\n\t\t\t\t<div class=\"elementor-element elementor-element-94c67ca elementor-widget elementor-widget-spacer\" data-id=\"94c67ca\" data-element_type=\"widget\" data-widget_type=\"spacer.default\">\n\t\t\t\t<div class=\"elementor-widget-container\">\n\t\t\t<style>\/*! elementor - v3.19.0 - 26-02-2024 *\/\n.elementor-column .elementor-spacer-inner{height:var(--spacer-size)}.e-con{--container-widget-width:100%}.e-con-inner>.elementor-widget-spacer,.e-con>.elementor-widget-spacer{width:var(--container-widget-width,var(--spacer-size));--align-self:var(--container-widget-align-self,initial);--flex-shrink:0}.e-con-inner>.elementor-widget-spacer>.elementor-widget-container,.e-con>.elementor-widget-spacer>.elementor-widget-container{height:100%;width:100%}.e-con-inner>.elementor-widget-spacer>.elementor-widget-container>.elementor-spacer,.e-con>.elementor-widget-spacer>.elementor-widget-container>.elementor-spacer{height:100%}.e-con-inner>.elementor-widget-spacer>.elementor-widget-container>.elementor-spacer>.elementor-spacer-inner,.e-con>.elementor-widget-spacer>.elementor-widget-container>.elementor-spacer>.elementor-spacer-inner{height:var(--container-widget-height,var(--spacer-size))}.e-con-inner>.elementor-widget-spacer.elementor-widget-empty,.e-con>.elementor-widget-spacer.elementor-widget-empty{position:relative;min-height:22px;min-width:22px}.e-con-inner>.elementor-widget-spacer.elementor-widget-empty .elementor-widget-empty-icon,.e-con>.elementor-widget-spacer.elementor-widget-empty .elementor-widget-empty-icon{position:absolute;top:0;bottom:0;left:0;right:0;margin:auto;padding:0;width:22px;height:22px}<\/style>\t\t<div class=\"elementor-spacer\">\n\t\t\t<div class=\"elementor-spacer-inner\"><\/div>\n\t\t<\/div>\n\t\t\t\t<\/div>\n\t\t\t\t<\/div>\n\t\t\t\t<div class=\"elementor-element elementor-element-117cb466 subtitulo elementor-widget elementor-widget-text-editor\" data-id=\"117cb466\" data-element_type=\"widget\" data-widget_type=\"text-editor.default\">\n\t\t\t\t<div class=\"elementor-widget-container\">\n\t\t\t\t\t\t\t<p>OXYCOMB PROPOSE DEUX GAMMES D\u2019ANALYSEURS BLUESKY\u00ae<\/p>\t\t\t\t\t\t<\/div>\n\t\t\t\t<\/div>\n\t\t\t\t<section class=\"elementor-section elementor-inner-section elementor-element elementor-element-5620bc06 elementor-section-boxed elementor-section-height-default elementor-section-height-default\" data-id=\"5620bc06\" data-element_type=\"section\">\n\t\t\t\t\t\t<div class=\"elementor-container elementor-column-gap-default\">\n\t\t\t\t\t<div class=\"elementor-column elementor-col-50 elementor-inner-column elementor-element elementor-element-78dda83c\" data-id=\"78dda83c\" data-element_type=\"column\">\n\t\t\t<div class=\"elementor-widget-wrap elementor-element-populated\">\n\t\t\t\t\t\t<div class=\"elementor-element elementor-element-5e6f8639 elementor-widget elementor-widget-image\" data-id=\"5e6f8639\" data-element_type=\"widget\" data-widget_type=\"image.default\">\n\t\t\t\t<div class=\"elementor-widget-container\">\n\t\t\t\t\t\t\t\t\t\t\t\t\t<img decoding=\"async\" width=\"540\" height=\"305\" src=\"https:\/\/www.oxycomb.com\/wp-content\/uploads\/2024\/01\/analizador-bluesky-oxycomb.jpg\" class=\"attachment-large size-large wp-image-435\" alt=\"\" srcset=\"https:\/\/www.oxycomb.com\/wp-content\/uploads\/2024\/01\/analizador-bluesky-oxycomb.jpg 540w, https:\/\/www.oxycomb.com\/wp-content\/uploads\/2024\/01\/analizador-bluesky-oxycomb-300x169.jpg 300w\" sizes=\"(max-width: 540px) 100vw, 540px\" \/>\t\t\t\t\t\t\t\t\t\t\t\t\t<\/div>\n\t\t\t\t<\/div>\n\t\t\t\t<div class=\"elementor-element elementor-element-8eafc1e elementor-widget elementor-widget-spacer\" data-id=\"8eafc1e\" data-element_type=\"widget\" data-widget_type=\"spacer.default\">\n\t\t\t\t<div class=\"elementor-widget-container\">\n\t\t\t\t\t<div class=\"elementor-spacer\">\n\t\t\t<div class=\"elementor-spacer-inner\"><\/div>\n\t\t<\/div>\n\t\t\t\t<\/div>\n\t\t\t\t<\/div>\n\t\t\t\t<div class=\"elementor-element elementor-element-3e11efaf elementor-widget elementor-widget-text-editor\" data-id=\"3e11efaf\" data-element_type=\"widget\" data-widget_type=\"text-editor.default\">\n\t\t\t\t<div class=\"elementor-widget-container\">\n\t\t\t\t\t\t\t<h2 class=\"titulo-modelo-productos\">ANALYSEURS BLUESKY\u00ae<\/h2><h3 class=\"subtitulo-modelo-productos\">MESURE DE %O2, TEMP\u00c9RATURE, PRESSION, %CO2, CO CALCUL\u00c9<\/h3>\t\t\t\t\t\t<\/div>\n\t\t\t\t<\/div>\n\t\t\t\t<div class=\"elementor-element elementor-element-652be4b elementor-widget elementor-widget-text-editor\" data-id=\"652be4b\" data-element_type=\"widget\" data-widget_type=\"text-editor.default\">\n\t\t\t\t<div class=\"elementor-widget-container\">\n\t\t\t\t\t\t\t<p>Destin\u00e9 \u00e0 une application en incin\u00e9ration, cr\u00e9mation, biomasse, \u00e9missions ou autres.<\/p>\t\t\t\t\t\t<\/div>\n\t\t\t\t<\/div>\n\t\t\t\t\t<\/div>\n\t\t<\/div>\n\t\t\t\t<div class=\"elementor-column elementor-col-50 elementor-inner-column elementor-element elementor-element-32decb94\" data-id=\"32decb94\" data-element_type=\"column\">\n\t\t\t<div class=\"elementor-widget-wrap elementor-element-populated\">\n\t\t\t\t\t\t<div class=\"elementor-element elementor-element-1e3995fe elementor-widget elementor-widget-image\" data-id=\"1e3995fe\" data-element_type=\"widget\" data-widget_type=\"image.default\">\n\t\t\t\t<div class=\"elementor-widget-container\">\n\t\t\t\t\t\t\t\t\t\t\t\t\t<img decoding=\"async\" width=\"540\" height=\"305\" src=\"https:\/\/www.oxycomb.com\/wp-content\/uploads\/2024\/03\/analizadores-de-combustion-bluesky-rh.jpg\" class=\"attachment-full size-full wp-image-1651\" alt=\"analizadores de combustion bluesky rh\" srcset=\"https:\/\/www.oxycomb.com\/wp-content\/uploads\/2024\/03\/analizadores-de-combustion-bluesky-rh.jpg 540w, https:\/\/www.oxycomb.com\/wp-content\/uploads\/2024\/03\/analizadores-de-combustion-bluesky-rh-300x169.jpg 300w\" sizes=\"(max-width: 540px) 100vw, 540px\" \/>\t\t\t\t\t\t\t\t\t\t\t\t\t<\/div>\n\t\t\t\t<\/div>\n\t\t\t\t<div class=\"elementor-element elementor-element-7eebf98b elementor-widget elementor-widget-spacer\" data-id=\"7eebf98b\" data-element_type=\"widget\" data-widget_type=\"spacer.default\">\n\t\t\t\t<div class=\"elementor-widget-container\">\n\t\t\t\t\t<div class=\"elementor-spacer\">\n\t\t\t<div class=\"elementor-spacer-inner\"><\/div>\n\t\t<\/div>\n\t\t\t\t<\/div>\n\t\t\t\t<\/div>\n\t\t\t\t<div class=\"elementor-element elementor-element-5c7fb328 elementor-widget elementor-widget-text-editor\" data-id=\"5c7fb328\" data-element_type=\"widget\" data-widget_type=\"text-editor.default\">\n\t\t\t\t<div class=\"elementor-widget-container\">\n\t\t\t\t\t\t\t<h2 class=\"titulo-modelo-productos\">ANALYSEURS RH BLUESKY\u00ae<\/h2><h3 class=\"subtitulo-modelo-productos\">MESURE DE L&#8217;HUMIDIT\u00c9 RELATIVE, DE LA PRESSION ET DE LA TEMP\u00c9RATURE<\/h3>\t\t\t\t\t\t<\/div>\n\t\t\t\t<\/div>\n\t\t\t\t<div class=\"elementor-element elementor-element-7703206d elementor-widget elementor-widget-text-editor\" data-id=\"7703206d\" data-element_type=\"widget\" data-widget_type=\"text-editor.default\">\n\t\t\t\t<div class=\"elementor-widget-container\">\n\t\t\t\t\t\t\t<p>Con\u00e7u pour une application dans les carrelages, c\u00e9ramiques, c\u00e9ramique structurel et sanitaire, porcelaine, biomasse, \u00e9missions ou autres.<\/p>\t\t\t\t\t\t<\/div>\n\t\t\t\t<\/div>\n\t\t\t\t\t<\/div>\n\t\t<\/div>\n\t\t\t\t\t<\/div>\n\t\t<\/section>\n\t\t\t\t\t<\/div>\n\t\t<\/div>\n\t\t\t\t\t<\/div>\n\t\t<\/section>\n\t\t\t\t<\/div>\n\t\t","protected":false},"excerpt":{"rendered":"<p>ANALYSEURS BLUESKY\u00ae ANALYSEURS D&#8217;OXYG\u00c8NE, PRESSION ET D&#8217;HUMIDIT\u00c9 IN SITU ET CONTINUS \u00c0 BASSE TEMP\u00c9RATURE Les analyseurs BLUESKY\u00ae mesurent en continu et directement le %O2, la pression, la temp\u00e9rature et l&#8217;humidit\u00e9 relative pr\u00e9sents dans les gaz de combustion \u00e0 l&#8217;int\u00e9rieur de tout four, chaudi\u00e8re, s\u00e9choir industriel ou chemin\u00e9e. De m\u00eame, nous disposons de la technologie BKY-CO\u00ae [&hellip;]<\/p>\n","protected":false},"author":1,"featured_media":0,"parent":2753,"menu_order":0,"comment_status":"closed","ping_status":"closed","template":"elementor_header_footer","meta":{"footnotes":""},"class_list":["post-3024","page","type-page","status-publish","hentry"],"aioseo_notices":[],"_links":{"self":[{"href":"https:\/\/www.oxycomb.com\/fr\/wp-json\/wp\/v2\/pages\/3024","targetHints":{"allow":["GET"]}}],"collection":[{"href":"https:\/\/www.oxycomb.com\/fr\/wp-json\/wp\/v2\/pages"}],"about":[{"href":"https:\/\/www.oxycomb.com\/fr\/wp-json\/wp\/v2\/types\/page"}],"author":[{"embeddable":true,"href":"https:\/\/www.oxycomb.com\/fr\/wp-json\/wp\/v2\/users\/1"}],"replies":[{"embeddable":true,"href":"https:\/\/www.oxycomb.com\/fr\/wp-json\/wp\/v2\/comments?post=3024"}],"version-history":[{"count":7,"href":"https:\/\/www.oxycomb.com\/fr\/wp-json\/wp\/v2\/pages\/3024\/revisions"}],"predecessor-version":[{"id":3038,"href":"https:\/\/www.oxycomb.com\/fr\/wp-json\/wp\/v2\/pages\/3024\/revisions\/3038"}],"up":[{"embeddable":true,"href":"https:\/\/www.oxycomb.com\/fr\/wp-json\/wp\/v2\/pages\/2753"}],"wp:attachment":[{"href":"https:\/\/www.oxycomb.com\/fr\/wp-json\/wp\/v2\/media?parent=3024"}],"curies":[{"name":"wp","href":"https:\/\/api.w.org\/{rel}","templated":true}]}}