{"id":3058,"date":"2024-02-28T17:16:16","date_gmt":"2024-02-28T16:16:16","guid":{"rendered":"https:\/\/www.oxycomb.com\/sistema-optima\/software-sad50\/"},"modified":"2024-06-18T12:38:26","modified_gmt":"2024-06-18T10:38:26","slug":"software-sad50","status":"publish","type":"page","link":"https:\/\/www.oxycomb.com\/fr\/systeme-optima\/software-sad50\/","title":{"rendered":"SAD50"},"content":{"rendered":"\t\t<div data-elementor-type=\"wp-page\" data-elementor-id=\"3058\" class=\"elementor elementor-3058\" data-elementor-post-type=\"page\">\n\t\t\t\t\t\t<section class=\"elementor-section elementor-top-section elementor-element elementor-element-3f17b894 elementor-section-full_width elementor-hidden-desktop elementor-hidden-tablet elementor-hidden-mobile elementor-section-height-default elementor-section-height-default\" data-id=\"3f17b894\" data-element_type=\"section\">\n\t\t\t\t\t\t<div class=\"elementor-container elementor-column-gap-default\">\n\t\t\t\t\t<div class=\"elementor-column elementor-col-100 elementor-top-column elementor-element elementor-element-62c830fd\" data-id=\"62c830fd\" data-element_type=\"column\">\n\t\t\t<div class=\"elementor-widget-wrap elementor-element-populated\">\n\t\t\t\t\t\t<div class=\"elementor-element elementor-element-457603ec elementor-widget elementor-widget-image\" data-id=\"457603ec\" data-element_type=\"widget\" data-widget_type=\"image.default\">\n\t\t\t\t<div class=\"elementor-widget-container\">\n\t\t\t<style>\/*! elementor - v3.19.0 - 26-02-2024 *\/\n.elementor-widget-image{text-align:center}.elementor-widget-image a{display:inline-block}.elementor-widget-image a img[src$=\".svg\"]{width:48px}.elementor-widget-image img{vertical-align:middle;display:inline-block}<\/style>\t\t\t\t\t\t\t\t\t\t<img fetchpriority=\"high\" decoding=\"async\" width=\"1920\" height=\"500\" src=\"https:\/\/www.oxycomb.com\/wp-content\/uploads\/2024\/01\/analizadores-optima-oxycomb-sistemas.jpg\" class=\"attachment-full size-full wp-image-376\" alt=\"analizadores optima oxycomb sistemas\" srcset=\"https:\/\/www.oxycomb.com\/wp-content\/uploads\/2024\/01\/analizadores-optima-oxycomb-sistemas.jpg 1920w, https:\/\/www.oxycomb.com\/wp-content\/uploads\/2024\/01\/analizadores-optima-oxycomb-sistemas-300x78.jpg 300w, https:\/\/www.oxycomb.com\/wp-content\/uploads\/2024\/01\/analizadores-optima-oxycomb-sistemas-1024x267.jpg 1024w, https:\/\/www.oxycomb.com\/wp-content\/uploads\/2024\/01\/analizadores-optima-oxycomb-sistemas-768x200.jpg 768w, https:\/\/www.oxycomb.com\/wp-content\/uploads\/2024\/01\/analizadores-optima-oxycomb-sistemas-1536x400.jpg 1536w\" sizes=\"(max-width: 1920px) 100vw, 1920px\" \/>\t\t\t\t\t\t\t\t\t\t\t\t\t<\/div>\n\t\t\t\t<\/div>\n\t\t\t\t\t<\/div>\n\t\t<\/div>\n\t\t\t\t\t<\/div>\n\t\t<\/section>\n\t\t\t\t<section class=\"elementor-section elementor-top-section elementor-element elementor-element-61b2aa8d elementor-section-boxed elementor-section-height-default elementor-section-height-default\" data-id=\"61b2aa8d\" data-element_type=\"section\" data-settings=\"{&quot;background_background&quot;:&quot;classic&quot;}\">\n\t\t\t\t\t\t<div class=\"elementor-container elementor-column-gap-default\">\n\t\t\t\t\t<div class=\"elementor-column elementor-col-100 elementor-top-column elementor-element elementor-element-427b089a\" data-id=\"427b089a\" data-element_type=\"column\" data-settings=\"{&quot;background_background&quot;:&quot;classic&quot;}\">\n\t\t\t<div class=\"elementor-widget-wrap elementor-element-populated\">\n\t\t\t\t\t\t<div class=\"elementor-element elementor-element-76a0f8a0 elementor-widget__width-initial elementor-widget elementor-widget-text-editor\" data-id=\"76a0f8a0\" data-element_type=\"widget\" data-widget_type=\"text-editor.default\">\n\t\t\t\t<div class=\"elementor-widget-container\">\n\t\t\t<style>\/*! elementor - v3.19.0 - 26-02-2024 *\/\n.elementor-widget-text-editor.elementor-drop-cap-view-stacked .elementor-drop-cap{background-color:#69727d;color:#fff}.elementor-widget-text-editor.elementor-drop-cap-view-framed .elementor-drop-cap{color:#69727d;border:3px solid;background-color:transparent}.elementor-widget-text-editor:not(.elementor-drop-cap-view-default) .elementor-drop-cap{margin-top:8px}.elementor-widget-text-editor:not(.elementor-drop-cap-view-default) .elementor-drop-cap-letter{width:1em;height:1em}.elementor-widget-text-editor .elementor-drop-cap{float:left;text-align:center;line-height:1;font-size:50px}.elementor-widget-text-editor .elementor-drop-cap-letter{display:inline-block}<\/style>\t\t\t\t<h1>SAD50\u00ae<\/h1>\t\t\t\t\t\t<\/div>\n\t\t\t\t<\/div>\n\t\t\t\t<div class=\"elementor-element elementor-element-6200b54a subtitulo elementor-widget elementor-widget-text-editor\" data-id=\"6200b54a\" data-element_type=\"widget\" data-widget_type=\"text-editor.default\">\n\t\t\t\t<div class=\"elementor-widget-container\">\n\t\t\t\t\t\t\t<p>LOGICIEL DE SUPERVISION ET D&#8217;ENREGISTREMENT DES PROCESSUS<\/p>\t\t\t\t\t\t<\/div>\n\t\t\t\t<\/div>\n\t\t\t\t<div class=\"elementor-element elementor-element-29fdf2f8 elementor-widget elementor-widget-text-editor\" data-id=\"29fdf2f8\" data-element_type=\"widget\" data-widget_type=\"text-editor.default\">\n\t\t\t\t<div class=\"elementor-widget-container\">\n\t\t\t\t\t\t\t<p>Le logiciel SAD50 permet de repr\u00e9senter graphiquement en temps r\u00e9el les mesures prises par les analyseurs OPTIMA\u00ae \/ BLUESKY\u00ae \/ OXCEMS\u00ae. Gr\u00e2ce \u00e0 ces mesures, le client peut r\u00e9guler facilement les diff\u00e9rentes variables impliqu\u00e9es dans le processus de combustion (pression air\/gaz dans les br\u00fbleurs, ventilateur g\u00e9n\u00e9ral d&#8217;air de combustion, ventilateurs de chemin\u00e9e d&#8217;aspiration des fum\u00e9es, refroidissement direct et indirect, refroidissement final, moteurs de recirculation, etc.).<br \/>Le SAD50 comprend un terminal tactile couleur de 7&#8243;, 10&#8243;, 12&#8243; ou 15&#8243;, selon le mod\u00e8le. Il affiche les valeurs de toutes les mesures : %O2, temp\u00e9rature*, pression statique*, %CO2*, CO*, NOx*, SO2*, CH4*, particules*, opacit\u00e9*, humidit\u00e9 relative*, d\u00e9bit*, vitesse du gaz*, efficacit\u00e9 \u00e9nerg\u00e9tique*, facteur lambda*, etc. Toutes les mesures peuvent \u00eatre calibr\u00e9es depuis l&#8217;interface par l&#8217;utilisateur.<br \/>De plus, il pr\u00e9sente \u00e9galement des graphiques synoptiques du four, des courbes de tendance, des donn\u00e9es historiques, des rapports, des alarmes, des rapports, des boucles de contr\u00f4le PID, des recettes configurables, le comptage des \u00e9missions, la consommation, etc. Il dispose d&#8217;un port USB pour t\u00e9l\u00e9charger et analyser les donn\u00e9es sur un PC externe et d&#8217;une connexion Modbus RTU pour la communication avec d&#8217;autres \u00e9quipements de contr\u00f4le sur le r\u00e9seau du client.<\/p>\t\t\t\t\t\t<\/div>\n\t\t\t\t<\/div>\n\t\t\t\t<div class=\"elementor-element elementor-element-25662e57 elementor-widget elementor-widget-spacer\" data-id=\"25662e57\" data-element_type=\"widget\" data-widget_type=\"spacer.default\">\n\t\t\t\t<div class=\"elementor-widget-container\">\n\t\t\t<style>\/*! elementor - v3.19.0 - 26-02-2024 *\/\n.elementor-column .elementor-spacer-inner{height:var(--spacer-size)}.e-con{--container-widget-width:100%}.e-con-inner>.elementor-widget-spacer,.e-con>.elementor-widget-spacer{width:var(--container-widget-width,var(--spacer-size));--align-self:var(--container-widget-align-self,initial);--flex-shrink:0}.e-con-inner>.elementor-widget-spacer>.elementor-widget-container,.e-con>.elementor-widget-spacer>.elementor-widget-container{height:100%;width:100%}.e-con-inner>.elementor-widget-spacer>.elementor-widget-container>.elementor-spacer,.e-con>.elementor-widget-spacer>.elementor-widget-container>.elementor-spacer{height:100%}.e-con-inner>.elementor-widget-spacer>.elementor-widget-container>.elementor-spacer>.elementor-spacer-inner,.e-con>.elementor-widget-spacer>.elementor-widget-container>.elementor-spacer>.elementor-spacer-inner{height:var(--container-widget-height,var(--spacer-size))}.e-con-inner>.elementor-widget-spacer.elementor-widget-empty,.e-con>.elementor-widget-spacer.elementor-widget-empty{position:relative;min-height:22px;min-width:22px}.e-con-inner>.elementor-widget-spacer.elementor-widget-empty .elementor-widget-empty-icon,.e-con>.elementor-widget-spacer.elementor-widget-empty .elementor-widget-empty-icon{position:absolute;top:0;bottom:0;left:0;right:0;margin:auto;padding:0;width:22px;height:22px}<\/style>\t\t<div class=\"elementor-spacer\">\n\t\t\t<div class=\"elementor-spacer-inner\"><\/div>\n\t\t<\/div>\n\t\t\t\t<\/div>\n\t\t\t\t<\/div>\n\t\t\t\t<div class=\"elementor-element elementor-element-e40d39a subtitulo elementor-widget elementor-widget-text-editor\" data-id=\"e40d39a\" data-element_type=\"widget\" data-widget_type=\"text-editor.default\">\n\t\t\t\t<div class=\"elementor-widget-container\">\n\t\t\t\t\t\t\t<p>OXYCOMB dispone de tres tipos de software seg\u00fan cada aplicaci\u00f3n<\/p>\t\t\t\t\t\t<\/div>\n\t\t\t\t<\/div>\n\t\t\t\t<section class=\"elementor-section elementor-inner-section elementor-element elementor-element-14b49254 elementor-section-boxed elementor-section-height-default elementor-section-height-default\" data-id=\"14b49254\" data-element_type=\"section\">\n\t\t\t\t\t\t<div class=\"elementor-container elementor-column-gap-default\">\n\t\t\t\t\t<div class=\"elementor-column elementor-col-33 elementor-inner-column elementor-element elementor-element-27b286cf\" data-id=\"27b286cf\" data-element_type=\"column\">\n\t\t\t<div class=\"elementor-widget-wrap elementor-element-populated\">\n\t\t\t\t\t\t<div class=\"elementor-element elementor-element-1f774211 elementor-widget elementor-widget-image\" data-id=\"1f774211\" data-element_type=\"widget\" data-widget_type=\"image.default\">\n\t\t\t\t<div class=\"elementor-widget-container\">\n\t\t\t\t\t\t\t\t\t\t\t\t\t<img decoding=\"async\" width=\"540\" height=\"305\" src=\"https:\/\/www.oxycomb.com\/wp-content\/uploads\/2024\/01\/software-sad50-oxycomb.jpg\" class=\"attachment-large size-large wp-image-440\" alt=\"software sad50 oxycomb\" srcset=\"https:\/\/www.oxycomb.com\/wp-content\/uploads\/2024\/01\/software-sad50-oxycomb.jpg 540w, https:\/\/www.oxycomb.com\/wp-content\/uploads\/2024\/01\/software-sad50-oxycomb-300x169.jpg 300w\" sizes=\"(max-width: 540px) 100vw, 540px\" \/>\t\t\t\t\t\t\t\t\t\t\t\t\t<\/div>\n\t\t\t\t<\/div>\n\t\t\t\t<div class=\"elementor-element elementor-element-1a18aee0 elementor-widget elementor-widget-spacer\" data-id=\"1a18aee0\" data-element_type=\"widget\" data-widget_type=\"spacer.default\">\n\t\t\t\t<div class=\"elementor-widget-container\">\n\t\t\t\t\t<div class=\"elementor-spacer\">\n\t\t\t<div class=\"elementor-spacer-inner\"><\/div>\n\t\t<\/div>\n\t\t\t\t<\/div>\n\t\t\t\t<\/div>\n\t\t\t\t<div class=\"elementor-element elementor-element-10f0093 elementor-widget elementor-widget-text-editor\" data-id=\"10f0093\" data-element_type=\"widget\" data-widget_type=\"text-editor.default\">\n\t\t\t\t<div class=\"elementor-widget-container\">\n\t\t\t\t\t\t\t<h2 class=\"titulo-modelo-productos\">SAD50\u00ae<\/h2>\t\t\t\t\t\t<\/div>\n\t\t\t\t<\/div>\n\t\t\t\t<div class=\"elementor-element elementor-element-61fd42f6 elementor-widget elementor-widget-text-editor\" data-id=\"61fd42f6\" data-element_type=\"widget\" data-widget_type=\"text-editor.default\">\n\t\t\t\t<div class=\"elementor-widget-container\">\n\t\t\t\t\t\t\t<p>Pour les applications avec analyseurs OPTIMA\u00ae \/ BLUESKY\u00ae install\u00e9s.<\/p>\t\t\t\t\t\t<\/div>\n\t\t\t\t<\/div>\n\t\t\t\t\t<\/div>\n\t\t<\/div>\n\t\t\t\t<div class=\"elementor-column elementor-col-33 elementor-inner-column elementor-element elementor-element-68df38ee\" data-id=\"68df38ee\" data-element_type=\"column\">\n\t\t\t<div class=\"elementor-widget-wrap elementor-element-populated\">\n\t\t\t\t\t\t<div class=\"elementor-element elementor-element-2a72be41 elementor-widget elementor-widget-image\" data-id=\"2a72be41\" data-element_type=\"widget\" data-widget_type=\"image.default\">\n\t\t\t\t<div class=\"elementor-widget-container\">\n\t\t\t\t\t\t\t\t\t\t\t\t\t<img decoding=\"async\" width=\"540\" height=\"305\" src=\"https:\/\/www.oxycomb.com\/wp-content\/uploads\/2024\/03\/software-control-sad50hr.jpg\" class=\"attachment-large size-large wp-image-1637\" alt=\"software control sad50hr\" srcset=\"https:\/\/www.oxycomb.com\/wp-content\/uploads\/2024\/03\/software-control-sad50hr.jpg 540w, https:\/\/www.oxycomb.com\/wp-content\/uploads\/2024\/03\/software-control-sad50hr-300x169.jpg 300w\" sizes=\"(max-width: 540px) 100vw, 540px\" \/>\t\t\t\t\t\t\t\t\t\t\t\t\t<\/div>\n\t\t\t\t<\/div>\n\t\t\t\t<div class=\"elementor-element elementor-element-231e69b6 elementor-widget elementor-widget-spacer\" data-id=\"231e69b6\" data-element_type=\"widget\" data-widget_type=\"spacer.default\">\n\t\t\t\t<div class=\"elementor-widget-container\">\n\t\t\t\t\t<div class=\"elementor-spacer\">\n\t\t\t<div class=\"elementor-spacer-inner\"><\/div>\n\t\t<\/div>\n\t\t\t\t<\/div>\n\t\t\t\t<\/div>\n\t\t\t\t<div class=\"elementor-element elementor-element-5fc78105 elementor-widget elementor-widget-text-editor\" data-id=\"5fc78105\" data-element_type=\"widget\" data-widget_type=\"text-editor.default\">\n\t\t\t\t<div class=\"elementor-widget-container\">\n\t\t\t\t\t\t\t<h2 class=\"titulo-modelo-productos\">SAD50-HR\u00ae<\/h2>\t\t\t\t\t\t<\/div>\n\t\t\t\t<\/div>\n\t\t\t\t<div class=\"elementor-element elementor-element-142bba22 elementor-widget elementor-widget-text-editor\" data-id=\"142bba22\" data-element_type=\"widget\" data-widget_type=\"text-editor.default\">\n\t\t\t\t<div class=\"elementor-widget-container\">\n\t\t\t\t\t\t\t<p>Pour les applications avec des analyseurs BLUESKY\u00ae RH install\u00e9s.<\/p>\t\t\t\t\t\t<\/div>\n\t\t\t\t<\/div>\n\t\t\t\t\t<\/div>\n\t\t<\/div>\n\t\t\t\t<div class=\"elementor-column elementor-col-33 elementor-inner-column elementor-element elementor-element-ff9ccac\" data-id=\"ff9ccac\" data-element_type=\"column\">\n\t\t\t<div class=\"elementor-widget-wrap elementor-element-populated\">\n\t\t\t\t\t\t<div class=\"elementor-element elementor-element-9b4f4e4 elementor-widget elementor-widget-image\" data-id=\"9b4f4e4\" data-element_type=\"widget\" data-widget_type=\"image.default\">\n\t\t\t\t<div class=\"elementor-widget-container\">\n\t\t\t\t\t\t\t\t\t\t\t\t\t<img loading=\"lazy\" decoding=\"async\" width=\"540\" height=\"305\" src=\"https:\/\/www.oxycomb.com\/wp-content\/uploads\/2024\/03\/software-control-sad50cems.jpg\" class=\"attachment-large size-large wp-image-1638\" alt=\"\" srcset=\"https:\/\/www.oxycomb.com\/wp-content\/uploads\/2024\/03\/software-control-sad50cems.jpg 540w, https:\/\/www.oxycomb.com\/wp-content\/uploads\/2024\/03\/software-control-sad50cems-300x169.jpg 300w\" sizes=\"(max-width: 540px) 100vw, 540px\" \/>\t\t\t\t\t\t\t\t\t\t\t\t\t<\/div>\n\t\t\t\t<\/div>\n\t\t\t\t<div class=\"elementor-element elementor-element-d9bd337 elementor-widget elementor-widget-spacer\" data-id=\"d9bd337\" data-element_type=\"widget\" data-widget_type=\"spacer.default\">\n\t\t\t\t<div class=\"elementor-widget-container\">\n\t\t\t\t\t<div class=\"elementor-spacer\">\n\t\t\t<div class=\"elementor-spacer-inner\"><\/div>\n\t\t<\/div>\n\t\t\t\t<\/div>\n\t\t\t\t<\/div>\n\t\t\t\t<div class=\"elementor-element elementor-element-cede211 elementor-widget elementor-widget-text-editor\" data-id=\"cede211\" data-element_type=\"widget\" data-widget_type=\"text-editor.default\">\n\t\t\t\t<div class=\"elementor-widget-container\">\n\t\t\t\t\t\t\t<h2 class=\"titulo-modelo-productos\">SAD50-CEMS\u00ae<\/h2>\t\t\t\t\t\t<\/div>\n\t\t\t\t<\/div>\n\t\t\t\t<div class=\"elementor-element elementor-element-8ef29d3 elementor-widget elementor-widget-text-editor\" data-id=\"8ef29d3\" data-element_type=\"widget\" data-widget_type=\"text-editor.default\">\n\t\t\t\t<div class=\"elementor-widget-container\">\n\t\t\t\t\t\t\t<p>Con\u00e7u pour tout type d&#8217;application avec des sources d&#8217;\u00e9missions de gaz polluants.<\/p>\t\t\t\t\t\t<\/div>\n\t\t\t\t<\/div>\n\t\t\t\t\t<\/div>\n\t\t<\/div>\n\t\t\t\t\t<\/div>\n\t\t<\/section>\n\t\t\t\t\t<\/div>\n\t\t<\/div>\n\t\t\t\t\t<\/div>\n\t\t<\/section>\n\t\t\t\t<\/div>\n\t\t","protected":false},"excerpt":{"rendered":"<p>SAD50\u00ae LOGICIEL DE SUPERVISION ET D&#8217;ENREGISTREMENT DES PROCESSUS Le logiciel SAD50 permet de repr\u00e9senter graphiquement en temps r\u00e9el les mesures prises par les analyseurs OPTIMA\u00ae \/ BLUESKY\u00ae \/ OXCEMS\u00ae. Gr\u00e2ce \u00e0 ces mesures, le client peut r\u00e9guler facilement les diff\u00e9rentes variables impliqu\u00e9es dans le processus de combustion (pression air\/gaz dans les br\u00fbleurs, ventilateur g\u00e9n\u00e9ral d&#8217;air [&hellip;]<\/p>\n","protected":false},"author":1,"featured_media":0,"parent":2753,"menu_order":0,"comment_status":"closed","ping_status":"closed","template":"","meta":{"footnotes":""},"class_list":["post-3058","page","type-page","status-publish","hentry"],"aioseo_notices":[],"_links":{"self":[{"href":"https:\/\/www.oxycomb.com\/fr\/wp-json\/wp\/v2\/pages\/3058","targetHints":{"allow":["GET"]}}],"collection":[{"href":"https:\/\/www.oxycomb.com\/fr\/wp-json\/wp\/v2\/pages"}],"about":[{"href":"https:\/\/www.oxycomb.com\/fr\/wp-json\/wp\/v2\/types\/page"}],"author":[{"embeddable":true,"href":"https:\/\/www.oxycomb.com\/fr\/wp-json\/wp\/v2\/users\/1"}],"replies":[{"embeddable":true,"href":"https:\/\/www.oxycomb.com\/fr\/wp-json\/wp\/v2\/comments?post=3058"}],"version-history":[{"count":3,"href":"https:\/\/www.oxycomb.com\/fr\/wp-json\/wp\/v2\/pages\/3058\/revisions"}],"predecessor-version":[{"id":3071,"href":"https:\/\/www.oxycomb.com\/fr\/wp-json\/wp\/v2\/pages\/3058\/revisions\/3071"}],"up":[{"embeddable":true,"href":"https:\/\/www.oxycomb.com\/fr\/wp-json\/wp\/v2\/pages\/2753"}],"wp:attachment":[{"href":"https:\/\/www.oxycomb.com\/fr\/wp-json\/wp\/v2\/media?parent=3058"}],"curies":[{"name":"wp","href":"https:\/\/api.w.org\/{rel}","templated":true}]}}