{"id":3081,"date":"2024-02-28T15:48:51","date_gmt":"2024-02-28T14:48:51","guid":{"rendered":"https:\/\/www.oxycomb.com\/sistema-optima\/cuadros-xar-xarl\/"},"modified":"2024-06-18T13:37:31","modified_gmt":"2024-06-18T11:37:31","slug":"cuadros-xar-xarl","status":"publish","type":"page","link":"https:\/\/www.oxycomb.com\/fr\/systeme-optima\/cuadros-xar-xarl\/","title":{"rendered":"Cuadros XAR\/XARL"},"content":{"rendered":"\t\t<div data-elementor-type=\"wp-page\" data-elementor-id=\"3081\" class=\"elementor elementor-3081\" data-elementor-post-type=\"page\">\n\t\t\t\t\t\t<section class=\"elementor-section elementor-top-section elementor-element elementor-element-4828b265 elementor-section-full_width elementor-hidden-desktop elementor-hidden-tablet elementor-hidden-mobile elementor-section-height-default elementor-section-height-default\" data-id=\"4828b265\" data-element_type=\"section\">\n\t\t\t\t\t\t<div class=\"elementor-container elementor-column-gap-default\">\n\t\t\t\t\t<div class=\"elementor-column elementor-col-100 elementor-top-column elementor-element elementor-element-4bf52777\" data-id=\"4bf52777\" data-element_type=\"column\">\n\t\t\t<div class=\"elementor-widget-wrap elementor-element-populated\">\n\t\t\t\t\t\t<div class=\"elementor-element elementor-element-2c6157ba elementor-widget elementor-widget-image\" data-id=\"2c6157ba\" data-element_type=\"widget\" data-widget_type=\"image.default\">\n\t\t\t\t<div class=\"elementor-widget-container\">\n\t\t\t<style>\/*! elementor - v3.19.0 - 26-02-2024 *\/\n.elementor-widget-image{text-align:center}.elementor-widget-image a{display:inline-block}.elementor-widget-image a img[src$=\".svg\"]{width:48px}.elementor-widget-image img{vertical-align:middle;display:inline-block}<\/style>\t\t\t\t\t\t\t\t\t\t<img fetchpriority=\"high\" decoding=\"async\" width=\"1920\" height=\"500\" src=\"https:\/\/www.oxycomb.com\/wp-content\/uploads\/2024\/01\/analizadores-optima-oxycomb-sistemas.jpg\" class=\"attachment-full size-full wp-image-376\" alt=\"analizadores optima oxycomb sistemas\" srcset=\"https:\/\/www.oxycomb.com\/wp-content\/uploads\/2024\/01\/analizadores-optima-oxycomb-sistemas.jpg 1920w, https:\/\/www.oxycomb.com\/wp-content\/uploads\/2024\/01\/analizadores-optima-oxycomb-sistemas-300x78.jpg 300w, https:\/\/www.oxycomb.com\/wp-content\/uploads\/2024\/01\/analizadores-optima-oxycomb-sistemas-1024x267.jpg 1024w, https:\/\/www.oxycomb.com\/wp-content\/uploads\/2024\/01\/analizadores-optima-oxycomb-sistemas-768x200.jpg 768w, https:\/\/www.oxycomb.com\/wp-content\/uploads\/2024\/01\/analizadores-optima-oxycomb-sistemas-1536x400.jpg 1536w\" sizes=\"(max-width: 1920px) 100vw, 1920px\" \/>\t\t\t\t\t\t\t\t\t\t\t\t\t<\/div>\n\t\t\t\t<\/div>\n\t\t\t\t\t<\/div>\n\t\t<\/div>\n\t\t\t\t\t<\/div>\n\t\t<\/section>\n\t\t\t\t<section class=\"elementor-section elementor-top-section elementor-element elementor-element-208923b4 elementor-section-boxed elementor-section-height-default elementor-section-height-default\" data-id=\"208923b4\" data-element_type=\"section\" data-settings=\"{&quot;background_background&quot;:&quot;classic&quot;}\">\n\t\t\t\t\t\t<div class=\"elementor-container elementor-column-gap-default\">\n\t\t\t\t\t<div class=\"elementor-column elementor-col-100 elementor-top-column elementor-element elementor-element-2b4108da\" data-id=\"2b4108da\" data-element_type=\"column\" data-settings=\"{&quot;background_background&quot;:&quot;classic&quot;}\">\n\t\t\t<div class=\"elementor-widget-wrap elementor-element-populated\">\n\t\t\t\t\t\t<div class=\"elementor-element elementor-element-18035e4c elementor-widget__width-initial elementor-widget elementor-widget-text-editor\" data-id=\"18035e4c\" data-element_type=\"widget\" data-widget_type=\"text-editor.default\">\n\t\t\t\t<div class=\"elementor-widget-container\">\n\t\t\t<style>\/*! elementor - v3.19.0 - 26-02-2024 *\/\n.elementor-widget-text-editor.elementor-drop-cap-view-stacked .elementor-drop-cap{background-color:#69727d;color:#fff}.elementor-widget-text-editor.elementor-drop-cap-view-framed .elementor-drop-cap{color:#69727d;border:3px solid;background-color:transparent}.elementor-widget-text-editor:not(.elementor-drop-cap-view-default) .elementor-drop-cap{margin-top:8px}.elementor-widget-text-editor:not(.elementor-drop-cap-view-default) .elementor-drop-cap-letter{width:1em;height:1em}.elementor-widget-text-editor .elementor-drop-cap{float:left;text-align:center;line-height:1;font-size:50px}.elementor-widget-text-editor .elementor-drop-cap-letter{display:inline-block}<\/style>\t\t\t\t<h1>Group de conditionnement XAR\u00ae \/ XARL\u00ae<\/h1>\t\t\t\t\t\t<\/div>\n\t\t\t\t<\/div>\n\t\t\t\t<div class=\"elementor-element elementor-element-838712 subtitulo elementor-widget elementor-widget-text-editor\" data-id=\"838712\" data-element_type=\"widget\" data-widget_type=\"text-editor.default\">\n\t\t\t\t<div class=\"elementor-widget-container\">\n\t\t\t\t\t\t\t<p>GROUPES D&#8217;AIR ET DE CONDITIONNEMENT DE SIGNAL OPTIMA \/ BLUESKY\/ OXCEMS<\/p>\t\t\t\t\t\t<\/div>\n\t\t\t\t<\/div>\n\t\t\t\t<div class=\"elementor-element elementor-element-61dfee78 elementor-widget elementor-widget-text-editor\" data-id=\"61dfee78\" data-element_type=\"widget\" data-widget_type=\"text-editor.default\">\n\t\t\t\t<div class=\"elementor-widget-container\">\n\t\t\t\t\t\t\t<p>Diff\u00e9rents mod\u00e8les sont pr\u00e9sent\u00e9s en fonction du nombre d&#8217;analyseurs aliment\u00e9s en air (1-6).<br \/>Chaque panneau XAR int\u00e8gre un d\u00e9bitm\u00e8tre, une pompe p\u00e9ristaltique et un filtre par analyseur install\u00e9. Les variantes -S permettent d&#8217;alimenter l&#8217;air de r\u00e9f\u00e9rence et l&#8217;air de nettoyage par l&#8217;air comprim\u00e9 du circuit de l&#8217;installation.<br \/>Le groupe XARL400 est fourni uniquement pour les analyseurs OXCEMS\u00ae et comprend une ligne chauff\u00e9e pour conditionner et s\u00e9cher l&#8217;\u00e9chantillon, \u00e9vitant ainsi la condensation.<\/p>\t\t\t\t\t\t<\/div>\n\t\t\t\t<\/div>\n\t\t\t\t<div class=\"elementor-element elementor-element-7a27482c elementor-widget elementor-widget-spacer\" data-id=\"7a27482c\" data-element_type=\"widget\" data-widget_type=\"spacer.default\">\n\t\t\t\t<div class=\"elementor-widget-container\">\n\t\t\t<style>\/*! elementor - v3.19.0 - 26-02-2024 *\/\n.elementor-column .elementor-spacer-inner{height:var(--spacer-size)}.e-con{--container-widget-width:100%}.e-con-inner>.elementor-widget-spacer,.e-con>.elementor-widget-spacer{width:var(--container-widget-width,var(--spacer-size));--align-self:var(--container-widget-align-self,initial);--flex-shrink:0}.e-con-inner>.elementor-widget-spacer>.elementor-widget-container,.e-con>.elementor-widget-spacer>.elementor-widget-container{height:100%;width:100%}.e-con-inner>.elementor-widget-spacer>.elementor-widget-container>.elementor-spacer,.e-con>.elementor-widget-spacer>.elementor-widget-container>.elementor-spacer{height:100%}.e-con-inner>.elementor-widget-spacer>.elementor-widget-container>.elementor-spacer>.elementor-spacer-inner,.e-con>.elementor-widget-spacer>.elementor-widget-container>.elementor-spacer>.elementor-spacer-inner{height:var(--container-widget-height,var(--spacer-size))}.e-con-inner>.elementor-widget-spacer.elementor-widget-empty,.e-con>.elementor-widget-spacer.elementor-widget-empty{position:relative;min-height:22px;min-width:22px}.e-con-inner>.elementor-widget-spacer.elementor-widget-empty .elementor-widget-empty-icon,.e-con>.elementor-widget-spacer.elementor-widget-empty .elementor-widget-empty-icon{position:absolute;top:0;bottom:0;left:0;right:0;margin:auto;padding:0;width:22px;height:22px}<\/style>\t\t<div class=\"elementor-spacer\">\n\t\t\t<div class=\"elementor-spacer-inner\"><\/div>\n\t\t<\/div>\n\t\t\t\t<\/div>\n\t\t\t\t<\/div>\n\t\t\t\t<div class=\"elementor-element elementor-element-2f63a337 subtitulo elementor-widget elementor-widget-text-editor\" data-id=\"2f63a337\" data-element_type=\"widget\" data-widget_type=\"text-editor.default\">\n\t\t\t\t<div class=\"elementor-widget-container\">\n\t\t\t\t\t\t\t<p>OXYCOMB DISPOSE DE DEUX GAMMES DE GROUPES D\u2019ALIMENTATION<\/p>\t\t\t\t\t\t<\/div>\n\t\t\t\t<\/div>\n\t\t\t\t<section class=\"elementor-section elementor-inner-section elementor-element elementor-element-29d29e52 elementor-section-boxed elementor-section-height-default elementor-section-height-default\" data-id=\"29d29e52\" data-element_type=\"section\">\n\t\t\t\t\t\t<div class=\"elementor-container elementor-column-gap-default\">\n\t\t\t\t\t<div class=\"elementor-column elementor-col-50 elementor-inner-column elementor-element elementor-element-4adeb968\" data-id=\"4adeb968\" data-element_type=\"column\">\n\t\t\t<div class=\"elementor-widget-wrap elementor-element-populated\">\n\t\t\t\t\t\t<div class=\"elementor-element elementor-element-a984c88 elementor-widget elementor-widget-image\" data-id=\"a984c88\" data-element_type=\"widget\" data-widget_type=\"image.default\">\n\t\t\t\t<div class=\"elementor-widget-container\">\n\t\t\t\t\t\t\t\t\t\t\t\t\t<img decoding=\"async\" width=\"555\" height=\"360\" src=\"https:\/\/www.oxycomb.com\/wp-content\/uploads\/2024\/03\/cuadros-de-acondicionamiento-de-senal-xarl-xar.jpg\" class=\"attachment-large size-large wp-image-1599\" alt=\"cuadros de acondicionamiento de se\u00f1al xarl xar\" srcset=\"https:\/\/www.oxycomb.com\/wp-content\/uploads\/2024\/03\/cuadros-de-acondicionamiento-de-senal-xarl-xar.jpg 555w, https:\/\/www.oxycomb.com\/wp-content\/uploads\/2024\/03\/cuadros-de-acondicionamiento-de-senal-xarl-xar-300x195.jpg 300w\" sizes=\"(max-width: 555px) 100vw, 555px\" \/>\t\t\t\t\t\t\t\t\t\t\t\t\t<\/div>\n\t\t\t\t<\/div>\n\t\t\t\t<div class=\"elementor-element elementor-element-1c5cb56b elementor-widget elementor-widget-spacer\" data-id=\"1c5cb56b\" data-element_type=\"widget\" data-widget_type=\"spacer.default\">\n\t\t\t\t<div class=\"elementor-widget-container\">\n\t\t\t\t\t<div class=\"elementor-spacer\">\n\t\t\t<div class=\"elementor-spacer-inner\"><\/div>\n\t\t<\/div>\n\t\t\t\t<\/div>\n\t\t\t\t<\/div>\n\t\t\t\t<div class=\"elementor-element elementor-element-349d1d70 elementor-widget elementor-widget-text-editor\" data-id=\"349d1d70\" data-element_type=\"widget\" data-widget_type=\"text-editor.default\">\n\t\t\t\t<div class=\"elementor-widget-container\">\n\t\t\t\t\t\t\t<h2 class=\"titulo-modelo-productos\">GROUPES D\u2019ALIMENTATION XAR\u00ae<\/h2>\t\t\t\t\t\t<\/div>\n\t\t\t\t<\/div>\n\t\t\t\t<div class=\"elementor-element elementor-element-7537bec6 elementor-widget elementor-widget-text-editor\" data-id=\"7537bec6\" data-element_type=\"widget\" data-widget_type=\"text-editor.default\">\n\t\t\t\t<div class=\"elementor-widget-container\">\n\t\t\t\t\t\t\t<p>Les groupes d\u2019alimentation XAR\u00ae permettent l&#8217;alimentation en air de r\u00e9f\u00e9rence de chacun des analyseurs OPTIMA\u00ae pour leur bon fonctionnement.<\/p>\t\t\t\t\t\t<\/div>\n\t\t\t\t<\/div>\n\t\t\t\t\t<\/div>\n\t\t<\/div>\n\t\t\t\t<div class=\"elementor-column elementor-col-50 elementor-inner-column elementor-element elementor-element-31a1dbc8\" data-id=\"31a1dbc8\" data-element_type=\"column\">\n\t\t\t<div class=\"elementor-widget-wrap elementor-element-populated\">\n\t\t\t\t\t\t<div class=\"elementor-element elementor-element-767e4ed0 elementor-widget elementor-widget-image\" data-id=\"767e4ed0\" data-element_type=\"widget\" data-widget_type=\"image.default\">\n\t\t\t\t<div class=\"elementor-widget-container\">\n\t\t\t\t\t\t\t\t\t\t\t\t\t<img decoding=\"async\" width=\"555\" height=\"360\" src=\"https:\/\/www.oxycomb.com\/wp-content\/uploads\/2024\/02\/centralita-de-control-de-combustion-xarl.jpg\" class=\"attachment-large size-large wp-image-1214\" alt=\"centralita de control de combustion xarl\" srcset=\"https:\/\/www.oxycomb.com\/wp-content\/uploads\/2024\/02\/centralita-de-control-de-combustion-xarl.jpg 555w, https:\/\/www.oxycomb.com\/wp-content\/uploads\/2024\/02\/centralita-de-control-de-combustion-xarl-300x195.jpg 300w\" sizes=\"(max-width: 555px) 100vw, 555px\" \/>\t\t\t\t\t\t\t\t\t\t\t\t\t<\/div>\n\t\t\t\t<\/div>\n\t\t\t\t<div class=\"elementor-element elementor-element-7087e78 elementor-widget elementor-widget-spacer\" data-id=\"7087e78\" data-element_type=\"widget\" data-widget_type=\"spacer.default\">\n\t\t\t\t<div class=\"elementor-widget-container\">\n\t\t\t\t\t<div class=\"elementor-spacer\">\n\t\t\t<div class=\"elementor-spacer-inner\"><\/div>\n\t\t<\/div>\n\t\t\t\t<\/div>\n\t\t\t\t<\/div>\n\t\t\t\t<div class=\"elementor-element elementor-element-1b614d56 elementor-widget elementor-widget-text-editor\" data-id=\"1b614d56\" data-element_type=\"widget\" data-widget_type=\"text-editor.default\">\n\t\t\t\t<div class=\"elementor-widget-container\">\n\t\t\t\t\t\t\t<h2 class=\"titulo-modelo-productos\">GROUPES D\u2019ALIMENTATION XARL\u00ae<\/h2>\t\t\t\t\t\t<\/div>\n\t\t\t\t<\/div>\n\t\t\t\t<div class=\"elementor-element elementor-element-1e1c6e45 elementor-widget elementor-widget-text-editor\" data-id=\"1e1c6e45\" data-element_type=\"widget\" data-widget_type=\"text-editor.default\">\n\t\t\t\t<div class=\"elementor-widget-container\">\n\t\t\t\t\t\t\t<p>Les groupes XARL\u00ae, en plus d&#8217;avoir les fonctions du XAR\u00ae, fournissent \u00e9galement de l&#8217;air de nettoyage p\u00e9riodiquement pour \u00e9viter les d\u00e9p\u00f4ts sur les sondes qui g\u00e9n\u00e8rent une mesure incorrecte.<\/p>\t\t\t\t\t\t<\/div>\n\t\t\t\t<\/div>\n\t\t\t\t\t<\/div>\n\t\t<\/div>\n\t\t\t\t\t<\/div>\n\t\t<\/section>\n\t\t\t\t\t<\/div>\n\t\t<\/div>\n\t\t\t\t\t<\/div>\n\t\t<\/section>\n\t\t\t\t<\/div>\n\t\t","protected":false},"excerpt":{"rendered":"<p>Group de conditionnement XAR\u00ae \/ XARL\u00ae GROUPES D&#8217;AIR ET DE CONDITIONNEMENT DE SIGNAL OPTIMA \/ BLUESKY\/ OXCEMS Diff\u00e9rents mod\u00e8les sont pr\u00e9sent\u00e9s en fonction du nombre d&#8217;analyseurs aliment\u00e9s en air (1-6).Chaque panneau XAR int\u00e8gre un d\u00e9bitm\u00e8tre, une pompe p\u00e9ristaltique et un filtre par analyseur install\u00e9. Les variantes -S permettent d&#8217;alimenter l&#8217;air de r\u00e9f\u00e9rence et l&#8217;air de [&hellip;]<\/p>\n","protected":false},"author":1,"featured_media":0,"parent":2753,"menu_order":0,"comment_status":"closed","ping_status":"closed","template":"","meta":{"footnotes":""},"class_list":["post-3081","page","type-page","status-publish","hentry"],"aioseo_notices":[],"_links":{"self":[{"href":"https:\/\/www.oxycomb.com\/fr\/wp-json\/wp\/v2\/pages\/3081","targetHints":{"allow":["GET"]}}],"collection":[{"href":"https:\/\/www.oxycomb.com\/fr\/wp-json\/wp\/v2\/pages"}],"about":[{"href":"https:\/\/www.oxycomb.com\/fr\/wp-json\/wp\/v2\/types\/page"}],"author":[{"embeddable":true,"href":"https:\/\/www.oxycomb.com\/fr\/wp-json\/wp\/v2\/users\/1"}],"replies":[{"embeddable":true,"href":"https:\/\/www.oxycomb.com\/fr\/wp-json\/wp\/v2\/comments?post=3081"}],"version-history":[{"count":3,"href":"https:\/\/www.oxycomb.com\/fr\/wp-json\/wp\/v2\/pages\/3081\/revisions"}],"predecessor-version":[{"id":3105,"href":"https:\/\/www.oxycomb.com\/fr\/wp-json\/wp\/v2\/pages\/3081\/revisions\/3105"}],"up":[{"embeddable":true,"href":"https:\/\/www.oxycomb.com\/fr\/wp-json\/wp\/v2\/pages\/2753"}],"wp:attachment":[{"href":"https:\/\/www.oxycomb.com\/fr\/wp-json\/wp\/v2\/media?parent=3081"}],"curies":[{"name":"wp","href":"https:\/\/api.w.org\/{rel}","templated":true}]}}