{"id":2814,"date":"2024-02-01T10:34:01","date_gmt":"2024-02-01T09:34:01","guid":{"rendered":"https:\/\/www.oxycomb.com\/aplicaciones-sistema-control-combustion\/azulejo\/"},"modified":"2024-08-22T09:39:31","modified_gmt":"2024-08-22T07:39:31","slug":"piastrelle","status":"publish","type":"page","link":"https:\/\/www.oxycomb.com\/it\/applicazioni-controllo-combustione\/piastrelle\/","title":{"rendered":"Piastrelle"},"content":{"rendered":"\t\t<div data-elementor-type=\"wp-page\" data-elementor-id=\"2814\" class=\"elementor elementor-2814\" data-elementor-post-type=\"page\">\n\t\t\t\t\t\t<section class=\"elementor-section elementor-top-section elementor-element elementor-element-4684a207 elementor-section-full_width elementor-section-height-default elementor-section-height-default\" data-id=\"4684a207\" data-element_type=\"section\">\n\t\t\t\t\t\t<div class=\"elementor-container elementor-column-gap-default\">\n\t\t\t\t\t<div class=\"elementor-column elementor-col-100 elementor-top-column elementor-element elementor-element-5f6f7e4a\" data-id=\"5f6f7e4a\" data-element_type=\"column\">\n\t\t\t<div class=\"elementor-widget-wrap elementor-element-populated\">\n\t\t\t\t\t\t<div class=\"elementor-element elementor-element-6989bff0 elementor-widget elementor-widget-image\" data-id=\"6989bff0\" data-element_type=\"widget\" data-widget_type=\"image.default\">\n\t\t\t\t<div class=\"elementor-widget-container\">\n\t\t\t<style>\/*! elementor - v3.19.0 - 26-02-2024 *\/\n.elementor-widget-image{text-align:center}.elementor-widget-image a{display:inline-block}.elementor-widget-image a img[src$=\".svg\"]{width:48px}.elementor-widget-image img{vertical-align:middle;display:inline-block}<\/style>\t\t\t\t\t\t\t\t\t\t<img fetchpriority=\"high\" decoding=\"async\" width=\"1920\" height=\"500\" src=\"https:\/\/www.oxycomb.com\/wp-content\/uploads\/2024\/08\/applicazione-piastrelle-oxycomb-sistemas.jpg\" class=\"attachment-full size-full wp-image-3515\" alt=\"\" srcset=\"https:\/\/www.oxycomb.com\/wp-content\/uploads\/2024\/08\/applicazione-piastrelle-oxycomb-sistemas.jpg 1920w, https:\/\/www.oxycomb.com\/wp-content\/uploads\/2024\/08\/applicazione-piastrelle-oxycomb-sistemas-300x78.jpg 300w, https:\/\/www.oxycomb.com\/wp-content\/uploads\/2024\/08\/applicazione-piastrelle-oxycomb-sistemas-1024x267.jpg 1024w, https:\/\/www.oxycomb.com\/wp-content\/uploads\/2024\/08\/applicazione-piastrelle-oxycomb-sistemas-768x200.jpg 768w, https:\/\/www.oxycomb.com\/wp-content\/uploads\/2024\/08\/applicazione-piastrelle-oxycomb-sistemas-1536x400.jpg 1536w\" sizes=\"(max-width: 1920px) 100vw, 1920px\" \/>\t\t\t\t\t\t\t\t\t\t\t\t\t<\/div>\n\t\t\t\t<\/div>\n\t\t\t\t\t<\/div>\n\t\t<\/div>\n\t\t\t\t\t<\/div>\n\t\t<\/section>\n\t\t\t\t<section class=\"elementor-section elementor-top-section elementor-element elementor-element-17577949 elementor-section-boxed elementor-section-height-default elementor-section-height-default\" data-id=\"17577949\" data-element_type=\"section\" data-settings=\"{&quot;background_background&quot;:&quot;classic&quot;}\">\n\t\t\t\t\t\t<div class=\"elementor-container elementor-column-gap-default\">\n\t\t\t\t\t<div class=\"elementor-column elementor-col-100 elementor-top-column elementor-element elementor-element-3a9f3df3\" data-id=\"3a9f3df3\" data-element_type=\"column\" data-settings=\"{&quot;background_background&quot;:&quot;classic&quot;}\">\n\t\t\t<div class=\"elementor-widget-wrap elementor-element-populated\">\n\t\t\t\t\t\t<div class=\"elementor-element elementor-element-30b57c1b elementor-widget elementor-widget-text-editor\" data-id=\"30b57c1b\" data-element_type=\"widget\" data-widget_type=\"text-editor.default\">\n\t\t\t\t<div class=\"elementor-widget-container\">\n\t\t\t<style>\/*! elementor - v3.19.0 - 26-02-2024 *\/\n.elementor-widget-text-editor.elementor-drop-cap-view-stacked .elementor-drop-cap{background-color:#69727d;color:#fff}.elementor-widget-text-editor.elementor-drop-cap-view-framed .elementor-drop-cap{color:#69727d;border:3px solid;background-color:transparent}.elementor-widget-text-editor:not(.elementor-drop-cap-view-default) .elementor-drop-cap{margin-top:8px}.elementor-widget-text-editor:not(.elementor-drop-cap-view-default) .elementor-drop-cap-letter{width:1em;height:1em}.elementor-widget-text-editor .elementor-drop-cap{float:left;text-align:center;line-height:1;font-size:50px}.elementor-widget-text-editor .elementor-drop-cap-letter{display:inline-block}<\/style>\t\t\t\t<h1><strong>PIASTRELLE<\/strong><\/h1>\t\t\t\t\t\t<\/div>\n\t\t\t\t<\/div>\n\t\t\t\t<div class=\"elementor-element elementor-element-1bbbcb8f subtitulo elementor-widget elementor-widget-text-editor\" data-id=\"1bbbcb8f\" data-element_type=\"widget\" data-widget_type=\"text-editor.default\">\n\t\t\t\t<div class=\"elementor-widget-container\">\n\t\t\t\t\t\t\t<p>RISPARMIO ENERGETICO ED EFFICIENZA NEI FORNI ED ESSICCATOI PER CERAMICA<\/p>\t\t\t\t\t\t<\/div>\n\t\t\t\t<\/div>\n\t\t\t\t<div class=\"elementor-element elementor-element-2bf75901 elementor-widget elementor-widget-text-editor\" data-id=\"2bf75901\" data-element_type=\"widget\" data-widget_type=\"text-editor.default\">\n\t\t\t\t<div class=\"elementor-widget-container\">\n\t\t\t\t\t\t\t<p>I forni a rulli continui e gli essiccatoi utilizzati per la produzione di piastrelle rappresentano uno dei mercati applicativi pi\u00f9 importanti per gli analizzatori <strong>OPTIMA\u00ae XA<\/strong> e <strong>BLUESKY\u00ae RH.<\/strong><\/p>\t\t\t\t\t\t<\/div>\n\t\t\t\t<\/div>\n\t\t\t\t\t<\/div>\n\t\t<\/div>\n\t\t\t\t\t<\/div>\n\t\t<\/section>\n\t\t\t\t<section class=\"elementor-section elementor-top-section elementor-element elementor-element-7ae66285 elementor-section-boxed elementor-section-height-default elementor-section-height-default\" data-id=\"7ae66285\" data-element_type=\"section\">\n\t\t\t\t\t\t<div class=\"elementor-container elementor-column-gap-default\">\n\t\t\t\t\t<div class=\"elementor-column elementor-col-100 elementor-top-column elementor-element elementor-element-8f3496b\" data-id=\"8f3496b\" data-element_type=\"column\">\n\t\t\t<div class=\"elementor-widget-wrap elementor-element-populated\">\n\t\t\t\t\t\t<div class=\"elementor-element elementor-element-14a5e03e elementor-widget elementor-widget-text-editor\" data-id=\"14a5e03e\" data-element_type=\"widget\" data-widget_type=\"text-editor.default\">\n\t\t\t\t<div class=\"elementor-widget-container\">\n\t\t\t\t\t\t\t<h2>FORNI PER CERAMICA<\/h2>\t\t\t\t\t\t<\/div>\n\t\t\t\t<\/div>\n\t\t\t\t<section class=\"elementor-section elementor-inner-section elementor-element elementor-element-599fc06 elementor-section-boxed elementor-section-height-default elementor-section-height-default\" data-id=\"599fc06\" data-element_type=\"section\">\n\t\t\t\t\t\t<div class=\"elementor-container elementor-column-gap-default\">\n\t\t\t\t\t<div class=\"elementor-column elementor-col-50 elementor-inner-column elementor-element elementor-element-b3fe0ba\" data-id=\"b3fe0ba\" data-element_type=\"column\" data-settings=\"{&quot;background_background&quot;:&quot;classic&quot;}\">\n\t\t\t<div class=\"elementor-widget-wrap elementor-element-populated\">\n\t\t\t\t\t\t<div class=\"elementor-element elementor-element-48dc611 oculto elementor-widget elementor-widget-image\" data-id=\"48dc611\" data-element_type=\"widget\" data-widget_type=\"image.default\">\n\t\t\t\t<div class=\"elementor-widget-container\">\n\t\t\t\t\t\t\t\t\t\t\t\t\t<img decoding=\"async\" width=\"700\" height=\"460\" src=\"https:\/\/www.oxycomb.com\/wp-content\/uploads\/2024\/01\/ahorro-energetico-oxycomb-sistemas.jpg\" class=\"attachment-full size-full wp-image-398\" alt=\"ahorro energetico oxycomb sistemas\" srcset=\"https:\/\/www.oxycomb.com\/wp-content\/uploads\/2024\/01\/ahorro-energetico-oxycomb-sistemas.jpg 700w, https:\/\/www.oxycomb.com\/wp-content\/uploads\/2024\/01\/ahorro-energetico-oxycomb-sistemas-300x197.jpg 300w\" sizes=\"(max-width: 700px) 100vw, 700px\" \/>\t\t\t\t\t\t\t\t\t\t\t\t\t<\/div>\n\t\t\t\t<\/div>\n\t\t\t\t\t<\/div>\n\t\t<\/div>\n\t\t\t\t<div class=\"elementor-column elementor-col-50 elementor-inner-column elementor-element elementor-element-0fe4a72\" data-id=\"0fe4a72\" data-element_type=\"column\">\n\t\t\t<div class=\"elementor-widget-wrap elementor-element-populated\">\n\t\t\t\t\t\t<div class=\"elementor-element elementor-element-32368947 elementor-widget elementor-widget-text-editor\" data-id=\"32368947\" data-element_type=\"widget\" data-widget_type=\"text-editor.default\">\n\t\t\t\t<div class=\"elementor-widget-container\">\n\t\t\t\t\t\t\t<p>La variet\u00e0 e l&#8217;alto valore aggiunto dei prodotti, la necessaria ossidazione controllata dei carbonati e l&#8217;elevato consumo energetico di questi impianti, rendono essenziale l&#8217;analisi continua delle <b>atmosfere di combustione<\/b> in questa tipologia di forni.<\/p><p>La variazione della %O<sub>2<\/sub> presente nei gas sar\u00e0 sempre soggetta alle esigenze specifiche di ciascun prodotto e formato: curve di temperatura, disposizione delle pressioni gas\/aria negli anelli e nei bruciatori, ventilatori di aspirazione dei fumi, aria calda o raffreddamento finale, ecc .<\/p>\t\t\t\t\t\t<\/div>\n\t\t\t\t<\/div>\n\t\t\t\t<div class=\"elementor-element elementor-element-73c0b96e elementor-widget elementor-widget-text-editor\" data-id=\"73c0b96e\" data-element_type=\"widget\" data-widget_type=\"text-editor.default\">\n\t\t\t\t<div class=\"elementor-widget-container\">\n\t\t\t\t\t\t\t<p>Utilizzando il <strong>Sistema OPTIMA\u00ae XA<\/strong> si ottengono i seguenti risultati:<\/p><ul><li>Miglioramento della qualit\u00e0 del prodotto finale (eliminazione del cuore nero, di tonalit\u00e0, ecc.).<\/li><li>Riduzione dei consumi specifici (4%-15%).<\/li><li>Riduzione delle emissioni inquinanti come CO e Nox.<\/li><li>Caratterizzazione dei livelli di umidit\u00e0 per formato, tipologia di prodotto e spessore.<\/li><li>Controllo della curva di pressione del forno.<\/li><li>Regolazione ottimizzata di turbine e ventilatori<\/li><\/ul>\t\t\t\t\t\t<\/div>\n\t\t\t\t<\/div>\n\t\t\t\t<div class=\"elementor-element elementor-element-d00aa79 elementor-widget elementor-widget-html\" data-id=\"d00aa79\" data-element_type=\"widget\" data-widget_type=\"html.default\">\n\t\t\t\t<div class=\"elementor-widget-container\">\n\t\t\t<div>\n<a class=\"boton-imagen-home\" href=\"\/it\/sistema-optima\/analizzatori-optima\/\">Analizzatori OPTIMA\u00ae XA\n    <svg xmlns=\"http:\/\/www.w3.org\/2000\/svg\" height=\"30\" viewBox=\"0 -960 960 960\" width=\"35\">\n    <path style=\"fill:#000;\" d=\"m558-245-41-40.5 168-168H165V-511h520L516-680l41-40 238 238-237 237Z\"><\/path>\n    <\/svg>\n<\/a>\n<\/div>\t\t<\/div>\n\t\t\t\t<\/div>\n\t\t\t\t\t<\/div>\n\t\t<\/div>\n\t\t\t\t\t<\/div>\n\t\t<\/section>\n\t\t\t\t\t<\/div>\n\t\t<\/div>\n\t\t\t\t\t<\/div>\n\t\t<\/section>\n\t\t\t\t<section class=\"elementor-section elementor-top-section elementor-element elementor-element-b140f52 elementor-section-boxed elementor-section-height-default elementor-section-height-default\" data-id=\"b140f52\" data-element_type=\"section\">\n\t\t\t\t\t\t<div class=\"elementor-container elementor-column-gap-default\">\n\t\t\t\t\t<div class=\"elementor-column elementor-col-100 elementor-top-column elementor-element elementor-element-aa969f3\" data-id=\"aa969f3\" data-element_type=\"column\">\n\t\t\t<div class=\"elementor-widget-wrap elementor-element-populated\">\n\t\t\t\t\t\t<div class=\"elementor-element elementor-element-69831ee elementor-widget elementor-widget-text-editor\" data-id=\"69831ee\" data-element_type=\"widget\" data-widget_type=\"text-editor.default\">\n\t\t\t\t<div class=\"elementor-widget-container\">\n\t\t\t\t\t\t\t<h2>ESSICCATORI PER CERAMICA<\/h2>\t\t\t\t\t\t<\/div>\n\t\t\t\t<\/div>\n\t\t\t\t<section class=\"elementor-section elementor-inner-section elementor-element elementor-element-7e27157 elementor-section-boxed elementor-section-height-default elementor-section-height-default\" data-id=\"7e27157\" data-element_type=\"section\">\n\t\t\t\t\t\t<div class=\"elementor-container elementor-column-gap-default\">\n\t\t\t\t\t<div class=\"elementor-column elementor-col-50 elementor-inner-column elementor-element elementor-element-01a2ba2\" data-id=\"01a2ba2\" data-element_type=\"column\" data-settings=\"{&quot;background_background&quot;:&quot;classic&quot;}\">\n\t\t\t<div class=\"elementor-widget-wrap elementor-element-populated\">\n\t\t\t\t\t\t<div class=\"elementor-element elementor-element-ad9d6da oculto elementor-widget elementor-widget-image\" data-id=\"ad9d6da\" data-element_type=\"widget\" data-widget_type=\"image.default\">\n\t\t\t\t<div class=\"elementor-widget-container\">\n\t\t\t\t\t\t\t\t\t\t\t\t\t<img decoding=\"async\" width=\"700\" height=\"460\" src=\"https:\/\/www.oxycomb.com\/wp-content\/uploads\/2024\/01\/ahorro-energetico-oxycomb-sistemas.jpg\" class=\"attachment-full size-full wp-image-398\" alt=\"ahorro energetico oxycomb sistemas\" srcset=\"https:\/\/www.oxycomb.com\/wp-content\/uploads\/2024\/01\/ahorro-energetico-oxycomb-sistemas.jpg 700w, https:\/\/www.oxycomb.com\/wp-content\/uploads\/2024\/01\/ahorro-energetico-oxycomb-sistemas-300x197.jpg 300w\" sizes=\"(max-width: 700px) 100vw, 700px\" \/>\t\t\t\t\t\t\t\t\t\t\t\t\t<\/div>\n\t\t\t\t<\/div>\n\t\t\t\t\t<\/div>\n\t\t<\/div>\n\t\t\t\t<div class=\"elementor-column elementor-col-50 elementor-inner-column elementor-element elementor-element-9c89446\" data-id=\"9c89446\" data-element_type=\"column\">\n\t\t\t<div class=\"elementor-widget-wrap elementor-element-populated\">\n\t\t\t\t\t\t<div class=\"elementor-element elementor-element-b964bb1 elementor-widget elementor-widget-text-editor\" data-id=\"b964bb1\" data-element_type=\"widget\" data-widget_type=\"text-editor.default\">\n\t\t\t\t<div class=\"elementor-widget-container\">\n\t\t\t\t\t\t\t<p>In un impianto per piastrelle ceramiche, l&#8217;essiccatoio \u00e8 generalmente (con il consenso dell&#8217;atomizzatore) la seconda fonte di maggior consumo energetico.<\/p>\n<p>I risultati che si possono ottenere regolando i diversi parametri dell&#8217;essiccatoio in funzione dell&#8217;umidit\u00e0 relativa, della temperatura e della pressione dei gas di combustione sono immediati.<\/p>\n<p>Ogni area dell&#8217;essiccatoio richiede una diversa &#8220;<b>atmosfera di essiccazione<\/b>&#8220;, che richiede un controllo esaustivo dell&#8217;aria di ricircolo e di aspirazione attraverso l&#8217;umidit\u00e0 e la temperatura nell&#8217;intera area del bruciatore.<\/p>\n<p>Questo controllo garantisce sia la performance complessiva del processo di essiccazione che un adeguato livello di qualit\u00e0 dei pezzi garantendo una corretta e progressiva rimozione dell&#8217;umidit\u00e0. Ridotti livelli di umidit\u00e0 all&#8217;ingresso dell&#8217;essiccatoio possono causare inutili sottrazioni di calore, favorendo consumi eccessivi e la comparsa di crepe nei pezzi.<\/p>\n<p>Allo stesso modo, il controllo della temperatura all&#8217;uscita dell&#8217;essiccatoio permette di conoscere e standardizzare le condizioni di lavoro su ciascuno dei piani dell&#8217;essiccatoio.<\/p>\n<p>Il <b>controllo dell&#8217;atmosfera di essiccazione<\/b> garantisce una maggiore stabilit\u00e0 al processo di essiccazione e un&#8217;adeguata rimozione dell&#8217;umidit\u00e0 dai pezzi. Garantendo un&#8217;umidit\u00e0 costante in ogni zona, i pezzi non subiscono forti variazioni di asciugatura dovute alla presenza di vuoti.<\/p>\t\t\t\t\t\t<\/div>\n\t\t\t\t<\/div>\n\t\t\t\t\t<\/div>\n\t\t<\/div>\n\t\t\t\t\t<\/div>\n\t\t<\/section>\n\t\t\t\t<section class=\"elementor-section elementor-inner-section elementor-element elementor-element-159043a elementor-section-boxed elementor-section-height-default elementor-section-height-default\" data-id=\"159043a\" data-element_type=\"section\">\n\t\t\t\t\t\t<div class=\"elementor-container elementor-column-gap-default\">\n\t\t\t\t\t<div class=\"elementor-column elementor-col-50 elementor-inner-column elementor-element elementor-element-3a16e62\" data-id=\"3a16e62\" data-element_type=\"column\" data-settings=\"{&quot;background_background&quot;:&quot;classic&quot;}\">\n\t\t\t<div class=\"elementor-widget-wrap elementor-element-populated\">\n\t\t\t\t\t\t<div class=\"elementor-element elementor-element-c2a143d oculto elementor-widget elementor-widget-image\" data-id=\"c2a143d\" data-element_type=\"widget\" data-widget_type=\"image.default\">\n\t\t\t\t<div class=\"elementor-widget-container\">\n\t\t\t\t\t\t\t\t\t\t\t\t\t<img decoding=\"async\" width=\"700\" height=\"460\" src=\"https:\/\/www.oxycomb.com\/wp-content\/uploads\/2024\/01\/ahorro-energetico-oxycomb-sistemas.jpg\" class=\"attachment-full size-full wp-image-398\" alt=\"ahorro energetico oxycomb sistemas\" srcset=\"https:\/\/www.oxycomb.com\/wp-content\/uploads\/2024\/01\/ahorro-energetico-oxycomb-sistemas.jpg 700w, https:\/\/www.oxycomb.com\/wp-content\/uploads\/2024\/01\/ahorro-energetico-oxycomb-sistemas-300x197.jpg 300w\" sizes=\"(max-width: 700px) 100vw, 700px\" \/>\t\t\t\t\t\t\t\t\t\t\t\t\t<\/div>\n\t\t\t\t<\/div>\n\t\t\t\t\t<\/div>\n\t\t<\/div>\n\t\t\t\t<div class=\"elementor-column elementor-col-50 elementor-inner-column elementor-element elementor-element-fc0ec60\" data-id=\"fc0ec60\" data-element_type=\"column\">\n\t\t\t<div class=\"elementor-widget-wrap elementor-element-populated\">\n\t\t\t\t\t\t<div class=\"elementor-element elementor-element-b6a65f2 elementor-widget elementor-widget-text-editor\" data-id=\"b6a65f2\" data-element_type=\"widget\" data-widget_type=\"text-editor.default\">\n\t\t\t\t<div class=\"elementor-widget-container\">\n\t\t\t\t\t\t\t<p>Utilizzando il <strong>BLUESKY\u00ae RH<\/strong> System si ottengono i seguenti risultati:<\/p><ul><li>Riduzione del consumo termico specifico (&gt;15%)<\/li><li>Riduzione del consumo di energia elettrica (&gt;35%)<\/li><li>Maggiore controllo qualit\u00e0 (crepe, esplosioni, condensa in ingresso, ecc.)<\/li><li>Caratterizzazione dei livelli di umidit\u00e0 per formato, tipologia di prodotto e smalto (lucido\/opaco).<\/li><li>Regolazione ottimizzata dei ventilatori di aspirazione aria umida e dei motori di ricircolo.<\/li><li>Controllo delle atmosfere di essiccazione nell&#8217;essiccatoio.<\/li><li>Omogeneit\u00e0 e uniformit\u00e0 delle atmosfere a fronte di lacune.<\/li><li>Riduzione delle emissioni di CO<sub>2<\/sub> e NOx.<\/li><li>Riduzione del ciclo produttivo.<\/li><li>Circuito di controllo per la regolazione dei motori di aspirazione dell&#8217;aria umida e dei motori di ricircolo.<\/li><\/ul>\t\t\t\t\t\t<\/div>\n\t\t\t\t<\/div>\n\t\t\t\t<div class=\"elementor-element elementor-element-56eb134 elementor-widget elementor-widget-html\" data-id=\"56eb134\" data-element_type=\"widget\" data-widget_type=\"html.default\">\n\t\t\t\t<div class=\"elementor-widget-container\">\n\t\t\t<div>\n<a class=\"boton-imagen-home\" href=\"\/it\/sistema-optima\/analizzatori-bluesky\/\">Analizzatori Bluesky\u00ae RH\n    <svg xmlns=\"http:\/\/www.w3.org\/2000\/svg\" height=\"30\" viewBox=\"0 -960 960 960\" width=\"35\">\n    <path style=\"fill:#000;\" d=\"m558-245-41-40.5 168-168H165V-511h520L516-680l41-40 238 238-237 237Z\"><\/path>\n    <\/svg>\n<\/a>\n<\/div>\t\t<\/div>\n\t\t\t\t<\/div>\n\t\t\t\t\t<\/div>\n\t\t<\/div>\n\t\t\t\t\t<\/div>\n\t\t<\/section>\n\t\t\t\t\t<\/div>\n\t\t<\/div>\n\t\t\t\t\t<\/div>\n\t\t<\/section>\n\t\t\t\t<section class=\"elementor-section elementor-top-section elementor-element elementor-element-b686fd2 elementor-section-full_width elementor-section-height-default elementor-section-height-default\" data-id=\"b686fd2\" data-element_type=\"section\">\n\t\t\t\t\t\t<div class=\"elementor-container elementor-column-gap-default\">\n\t\t\t\t\t<div class=\"elementor-column elementor-col-100 elementor-top-column elementor-element elementor-element-dc5a84a\" data-id=\"dc5a84a\" data-element_type=\"column\">\n\t\t\t<div class=\"elementor-widget-wrap elementor-element-populated\">\n\t\t\t\t\t\t<div class=\"elementor-element elementor-element-81cc6d1 elementor-widget elementor-widget-shortcode\" data-id=\"81cc6d1\" data-element_type=\"widget\" data-widget_type=\"shortcode.default\">\n\t\t\t\t<div class=\"elementor-widget-container\">\n\t\t\t\t\t<div class=\"elementor-shortcode\">\t\t<div data-elementor-type=\"section\" data-elementor-id=\"2594\" class=\"elementor elementor-2594\" data-elementor-post-type=\"elementor_library\">\n\t\t\t\t\t<div class=\"elementor-section-wrap\">\n\t\t\t\t\t\t\t\t<section class=\"elementor-section elementor-top-section elementor-element elementor-element-2136f6bb elementor-section-content-middle elementor-reverse-tablet elementor-reverse-mobile elementor-section-boxed elementor-section-height-default elementor-section-height-default\" data-id=\"2136f6bb\" data-element_type=\"section\" data-settings=\"{&quot;background_background&quot;:&quot;classic&quot;}\">\n\t\t\t\t\t\t<div class=\"elementor-container elementor-column-gap-no\">\n\t\t\t\t\t<div class=\"elementor-column elementor-col-100 elementor-top-column elementor-element elementor-element-62155d4\" data-id=\"62155d4\" data-element_type=\"column\">\n\t\t\t<div class=\"elementor-widget-wrap elementor-element-populated\">\n\t\t\t\t\t\t<div class=\"elementor-element elementor-element-1aeb66de elementor-widget__width-initial elementor-widget elementor-widget-heading\" data-id=\"1aeb66de\" data-element_type=\"widget\" data-widget_type=\"heading.default\">\n\t\t\t\t<div class=\"elementor-widget-container\">\n\t\t\t<style>\/*! elementor - v3.19.0 - 26-02-2024 *\/\n.elementor-heading-title{padding:0;margin:0;line-height:1}.elementor-widget-heading .elementor-heading-title[class*=elementor-size-]>a{color:inherit;font-size:inherit;line-height:inherit}.elementor-widget-heading .elementor-heading-title.elementor-size-small{font-size:15px}.elementor-widget-heading .elementor-heading-title.elementor-size-medium{font-size:19px}.elementor-widget-heading .elementor-heading-title.elementor-size-large{font-size:29px}.elementor-widget-heading .elementor-heading-title.elementor-size-xl{font-size:39px}.elementor-widget-heading .elementor-heading-title.elementor-size-xxl{font-size:59px}<\/style><p class=\"elementor-heading-title elementor-size-default\">RICHIEDI MAGGIORI INFORMAZIONI<\/p>\t\t<\/div>\n\t\t\t\t<\/div>\n\t\t\t\t<div class=\"elementor-element elementor-element-1551f92 elementor-widget elementor-widget-spacer\" data-id=\"1551f92\" data-element_type=\"widget\" data-widget_type=\"spacer.default\">\n\t\t\t\t<div class=\"elementor-widget-container\">\n\t\t\t<style>\/*! elementor - v3.19.0 - 26-02-2024 *\/\n.elementor-column .elementor-spacer-inner{height:var(--spacer-size)}.e-con{--container-widget-width:100%}.e-con-inner>.elementor-widget-spacer,.e-con>.elementor-widget-spacer{width:var(--container-widget-width,var(--spacer-size));--align-self:var(--container-widget-align-self,initial);--flex-shrink:0}.e-con-inner>.elementor-widget-spacer>.elementor-widget-container,.e-con>.elementor-widget-spacer>.elementor-widget-container{height:100%;width:100%}.e-con-inner>.elementor-widget-spacer>.elementor-widget-container>.elementor-spacer,.e-con>.elementor-widget-spacer>.elementor-widget-container>.elementor-spacer{height:100%}.e-con-inner>.elementor-widget-spacer>.elementor-widget-container>.elementor-spacer>.elementor-spacer-inner,.e-con>.elementor-widget-spacer>.elementor-widget-container>.elementor-spacer>.elementor-spacer-inner{height:var(--container-widget-height,var(--spacer-size))}.e-con-inner>.elementor-widget-spacer.elementor-widget-empty,.e-con>.elementor-widget-spacer.elementor-widget-empty{position:relative;min-height:22px;min-width:22px}.e-con-inner>.elementor-widget-spacer.elementor-widget-empty .elementor-widget-empty-icon,.e-con>.elementor-widget-spacer.elementor-widget-empty .elementor-widget-empty-icon{position:absolute;top:0;bottom:0;left:0;right:0;margin:auto;padding:0;width:22px;height:22px}<\/style>\t\t<div class=\"elementor-spacer\">\n\t\t\t<div class=\"elementor-spacer-inner\"><\/div>\n\t\t<\/div>\n\t\t\t\t<\/div>\n\t\t\t\t<\/div>\n\t\t\t\t<div class=\"elementor-element elementor-element-19e64d7 elementor-widget elementor-widget-text-editor\" data-id=\"19e64d7\" data-element_type=\"widget\" data-widget_type=\"text-editor.default\">\n\t\t\t\t<div class=\"elementor-widget-container\">\n\t\t\t\t\t\t\t<p>Se sei interessato ai nostri sistemi di controllo della combustione, non esitare a contattarci. Il nostro team vi consiglier\u00e0 per migliorare l\u2019efficienza dei vostri processi di combustione.<\/p>\t\t\t\t\t\t<\/div>\n\t\t\t\t<\/div>\n\t\t\t\t<div class=\"elementor-element elementor-element-4b8459a elementor-widget elementor-widget-html\" data-id=\"4b8459a\" data-element_type=\"widget\" data-widget_type=\"html.default\">\n\t\t\t\t<div class=\"elementor-widget-container\">\n\t\t\t<div style=\"text-align: center\">\n<a class=\"boton-imagen-home\" href=\"\/it\/contatto\/\">CONTATTACI\n    <svg xmlns=\"http:\/\/www.w3.org\/2000\/svg\" height=\"30\" viewBox=\"0 -960 960 960\" width=\"35\">\n    <path style=\"fill:#000;\" d=\"m558-245-41-40.5 168-168H165V-511h520L516-680l41-40 238 238-237 237Z\"><\/path>\n    <\/svg>\n<\/a>\n<\/div>\t\t<\/div>\n\t\t\t\t<\/div>\n\t\t\t\t\t<\/div>\n\t\t<\/div>\n\t\t\t\t\t<\/div>\n\t\t<\/section>\n\t\t\t\t\t\t\t<\/div>\n\t\t\t\t<\/div>\n\t\t<\/div>\n\t\t\t\t<\/div>\n\t\t\t\t<\/div>\n\t\t\t\t\t<\/div>\n\t\t<\/div>\n\t\t\t\t\t<\/div>\n\t\t<\/section>\n\t\t\t\t<\/div>\n\t\t","protected":false},"excerpt":{"rendered":"<p>PIASTRELLE RISPARMIO ENERGETICO ED EFFICIENZA NEI FORNI ED ESSICCATOI PER CERAMICA I forni a rulli continui e gli essiccatoi utilizzati per la produzione di piastrelle rappresentano uno dei mercati applicativi pi\u00f9 importanti per gli analizzatori OPTIMA\u00ae XA e BLUESKY\u00ae RH. FORNI PER CERAMICA La variet\u00e0 e l&#8217;alto valore aggiunto dei prodotti, la necessaria ossidazione controllata [&hellip;]<\/p>\n","protected":false},"author":1,"featured_media":0,"parent":2808,"menu_order":0,"comment_status":"closed","ping_status":"closed","template":"elementor_header_footer","meta":{"footnotes":""},"class_list":["post-2814","page","type-page","status-publish","hentry"],"aioseo_notices":[],"_links":{"self":[{"href":"https:\/\/www.oxycomb.com\/it\/wp-json\/wp\/v2\/pages\/2814","targetHints":{"allow":["GET"]}}],"collection":[{"href":"https:\/\/www.oxycomb.com\/it\/wp-json\/wp\/v2\/pages"}],"about":[{"href":"https:\/\/www.oxycomb.com\/it\/wp-json\/wp\/v2\/types\/page"}],"author":[{"embeddable":true,"href":"https:\/\/www.oxycomb.com\/it\/wp-json\/wp\/v2\/users\/1"}],"replies":[{"embeddable":true,"href":"https:\/\/www.oxycomb.com\/it\/wp-json\/wp\/v2\/comments?post=2814"}],"version-history":[{"count":18,"href":"https:\/\/www.oxycomb.com\/it\/wp-json\/wp\/v2\/pages\/2814\/revisions"}],"predecessor-version":[{"id":3720,"href":"https:\/\/www.oxycomb.com\/it\/wp-json\/wp\/v2\/pages\/2814\/revisions\/3720"}],"up":[{"embeddable":true,"href":"https:\/\/www.oxycomb.com\/it\/wp-json\/wp\/v2\/pages\/2808"}],"wp:attachment":[{"href":"https:\/\/www.oxycomb.com\/it\/wp-json\/wp\/v2\/media?parent=2814"}],"curies":[{"name":"wp","href":"https:\/\/api.w.org\/{rel}","templated":true}]}}