{"id":3060,"date":"2024-02-28T17:16:16","date_gmt":"2024-02-28T16:16:16","guid":{"rendered":"https:\/\/www.oxycomb.com\/sistema-optima\/software-sad50\/"},"modified":"2024-08-22T10:57:11","modified_gmt":"2024-08-22T08:57:11","slug":"software-sad50","status":"publish","type":"page","link":"https:\/\/www.oxycomb.com\/it\/sistema-optima\/software-sad50\/","title":{"rendered":"SAD50"},"content":{"rendered":"\t\t<div data-elementor-type=\"wp-page\" data-elementor-id=\"3060\" class=\"elementor elementor-3060\" data-elementor-post-type=\"page\">\n\t\t\t\t\t\t<section class=\"elementor-section elementor-top-section elementor-element elementor-element-3f17b894 elementor-section-full_width elementor-hidden-desktop elementor-hidden-tablet elementor-hidden-mobile elementor-section-height-default elementor-section-height-default\" data-id=\"3f17b894\" data-element_type=\"section\">\n\t\t\t\t\t\t<div class=\"elementor-container elementor-column-gap-default\">\n\t\t\t\t\t<div class=\"elementor-column elementor-col-100 elementor-top-column elementor-element elementor-element-62c830fd\" data-id=\"62c830fd\" data-element_type=\"column\">\n\t\t\t<div class=\"elementor-widget-wrap elementor-element-populated\">\n\t\t\t\t\t\t<div class=\"elementor-element elementor-element-457603ec elementor-widget elementor-widget-image\" data-id=\"457603ec\" data-element_type=\"widget\" data-widget_type=\"image.default\">\n\t\t\t\t<div class=\"elementor-widget-container\">\n\t\t\t<style>\/*! elementor - v3.19.0 - 26-02-2024 *\/\n.elementor-widget-image{text-align:center}.elementor-widget-image a{display:inline-block}.elementor-widget-image a img[src$=\".svg\"]{width:48px}.elementor-widget-image img{vertical-align:middle;display:inline-block}<\/style>\t\t\t\t\t\t\t\t\t\t<img fetchpriority=\"high\" decoding=\"async\" width=\"1920\" height=\"500\" src=\"https:\/\/www.oxycomb.com\/wp-content\/uploads\/2024\/01\/analizadores-optima-oxycomb-sistemas.jpg\" class=\"attachment-full size-full wp-image-376\" alt=\"analizadores optima oxycomb sistemas\" srcset=\"https:\/\/www.oxycomb.com\/wp-content\/uploads\/2024\/01\/analizadores-optima-oxycomb-sistemas.jpg 1920w, https:\/\/www.oxycomb.com\/wp-content\/uploads\/2024\/01\/analizadores-optima-oxycomb-sistemas-300x78.jpg 300w, https:\/\/www.oxycomb.com\/wp-content\/uploads\/2024\/01\/analizadores-optima-oxycomb-sistemas-1024x267.jpg 1024w, https:\/\/www.oxycomb.com\/wp-content\/uploads\/2024\/01\/analizadores-optima-oxycomb-sistemas-768x200.jpg 768w, https:\/\/www.oxycomb.com\/wp-content\/uploads\/2024\/01\/analizadores-optima-oxycomb-sistemas-1536x400.jpg 1536w\" sizes=\"(max-width: 1920px) 100vw, 1920px\" \/>\t\t\t\t\t\t\t\t\t\t\t\t\t<\/div>\n\t\t\t\t<\/div>\n\t\t\t\t\t<\/div>\n\t\t<\/div>\n\t\t\t\t\t<\/div>\n\t\t<\/section>\n\t\t\t\t<section class=\"elementor-section elementor-top-section elementor-element elementor-element-61b2aa8d elementor-section-boxed elementor-section-height-default elementor-section-height-default\" data-id=\"61b2aa8d\" data-element_type=\"section\" data-settings=\"{&quot;background_background&quot;:&quot;classic&quot;}\">\n\t\t\t\t\t\t<div class=\"elementor-container elementor-column-gap-default\">\n\t\t\t\t\t<div class=\"elementor-column elementor-col-100 elementor-top-column elementor-element elementor-element-427b089a\" data-id=\"427b089a\" data-element_type=\"column\" data-settings=\"{&quot;background_background&quot;:&quot;classic&quot;}\">\n\t\t\t<div class=\"elementor-widget-wrap elementor-element-populated\">\n\t\t\t\t\t\t<div class=\"elementor-element elementor-element-76a0f8a0 elementor-widget__width-initial elementor-widget elementor-widget-text-editor\" data-id=\"76a0f8a0\" data-element_type=\"widget\" data-widget_type=\"text-editor.default\">\n\t\t\t\t<div class=\"elementor-widget-container\">\n\t\t\t<style>\/*! elementor - v3.19.0 - 26-02-2024 *\/\n.elementor-widget-text-editor.elementor-drop-cap-view-stacked .elementor-drop-cap{background-color:#69727d;color:#fff}.elementor-widget-text-editor.elementor-drop-cap-view-framed .elementor-drop-cap{color:#69727d;border:3px solid;background-color:transparent}.elementor-widget-text-editor:not(.elementor-drop-cap-view-default) .elementor-drop-cap{margin-top:8px}.elementor-widget-text-editor:not(.elementor-drop-cap-view-default) .elementor-drop-cap-letter{width:1em;height:1em}.elementor-widget-text-editor .elementor-drop-cap{float:left;text-align:center;line-height:1;font-size:50px}.elementor-widget-text-editor .elementor-drop-cap-letter{display:inline-block}<\/style>\t\t\t\t<h1>SAD50\u00ae<\/h1>\t\t\t\t\t\t<\/div>\n\t\t\t\t<\/div>\n\t\t\t\t<div class=\"elementor-element elementor-element-6200b54a subtitulo elementor-widget elementor-widget-text-editor\" data-id=\"6200b54a\" data-element_type=\"widget\" data-widget_type=\"text-editor.default\">\n\t\t\t\t<div class=\"elementor-widget-container\">\n\t\t\t\t\t\t\t<p>SOFTWARE DI SUPERVISIONE E REGISTRAZIONE DEI PROCESSI<\/p>\t\t\t\t\t\t<\/div>\n\t\t\t\t<\/div>\n\t\t\t\t<div class=\"elementor-element elementor-element-29fdf2f8 elementor-widget elementor-widget-text-editor\" data-id=\"29fdf2f8\" data-element_type=\"widget\" data-widget_type=\"text-editor.default\">\n\t\t\t\t<div class=\"elementor-widget-container\">\n\t\t\t\t\t\t\t<p>Il software SAD50 consente di rappresentare graficamente in tempo reale le misurazioni effettuate dagli <b>analizzatori OPTIMA\u00ae \/ BLUESKY\u00ae \/ OXCEMS\u00ae<\/b>. Con questi accorgimenti il cliente pu\u00f2 comodamente regolare le diverse variabili coinvolte nel <b>processo di combustione<\/b> (pressione aria\/gas nei bruciatori, ventilatore generale dell&#8217;aria comburente, ventilatori del camino per l&#8217;aspirazione dei fumi, raffreddamento diretto e indiretto, raffreddamento finale, motori di ricircolo, ecc.).<\/p>\n<p>SAD50 include un terminale touch a colori da 7\u201d, 10\u201d, 12\u201d o 15\u201d, a seconda del modello. Visualizza i valori di tutte le misurazioni: %O<sub>2<\/sub>, temperatura*, pressione statica*, %CO<sub>2<\/sub>*, CO*, NOx*, SO<sub>2<\/sub>*, CH<sub>4<\/sub>*, particelle*, opacit\u00e0*, umidit\u00e0 relativa*, portata*, velocit\u00e0 del gas*, efficienza energetica*, fattore lambda*, ecc. Tutte le misurazioni possono essere calibrate dall&#8217;interfaccia dall&#8217;utente.<\/p>\n<p>Inoltre presenta anche grafici sinottici del forno, curve di trend, dati storici, report, allarmi, report, anelli di controllo PID, ricette configurabili, <b>conteggio delle emissioni<\/b>, consumi, ecc. Dispone di una porta USB per lo scarico e l&#8217;analisi dei dati su un PC esterno e di una connessione Modbus RTU per la comunicazione con altre apparecchiature di controllo della rete del cliente.<\/p>\t\t\t\t\t\t<\/div>\n\t\t\t\t<\/div>\n\t\t\t\t<div class=\"elementor-element elementor-element-25662e57 elementor-widget elementor-widget-spacer\" data-id=\"25662e57\" data-element_type=\"widget\" data-widget_type=\"spacer.default\">\n\t\t\t\t<div class=\"elementor-widget-container\">\n\t\t\t<style>\/*! elementor - v3.19.0 - 26-02-2024 *\/\n.elementor-column .elementor-spacer-inner{height:var(--spacer-size)}.e-con{--container-widget-width:100%}.e-con-inner>.elementor-widget-spacer,.e-con>.elementor-widget-spacer{width:var(--container-widget-width,var(--spacer-size));--align-self:var(--container-widget-align-self,initial);--flex-shrink:0}.e-con-inner>.elementor-widget-spacer>.elementor-widget-container,.e-con>.elementor-widget-spacer>.elementor-widget-container{height:100%;width:100%}.e-con-inner>.elementor-widget-spacer>.elementor-widget-container>.elementor-spacer,.e-con>.elementor-widget-spacer>.elementor-widget-container>.elementor-spacer{height:100%}.e-con-inner>.elementor-widget-spacer>.elementor-widget-container>.elementor-spacer>.elementor-spacer-inner,.e-con>.elementor-widget-spacer>.elementor-widget-container>.elementor-spacer>.elementor-spacer-inner{height:var(--container-widget-height,var(--spacer-size))}.e-con-inner>.elementor-widget-spacer.elementor-widget-empty,.e-con>.elementor-widget-spacer.elementor-widget-empty{position:relative;min-height:22px;min-width:22px}.e-con-inner>.elementor-widget-spacer.elementor-widget-empty .elementor-widget-empty-icon,.e-con>.elementor-widget-spacer.elementor-widget-empty .elementor-widget-empty-icon{position:absolute;top:0;bottom:0;left:0;right:0;margin:auto;padding:0;width:22px;height:22px}<\/style>\t\t<div class=\"elementor-spacer\">\n\t\t\t<div class=\"elementor-spacer-inner\"><\/div>\n\t\t<\/div>\n\t\t\t\t<\/div>\n\t\t\t\t<\/div>\n\t\t\t\t<div class=\"elementor-element elementor-element-e40d39a subtitulo elementor-widget elementor-widget-text-editor\" data-id=\"e40d39a\" data-element_type=\"widget\" data-widget_type=\"text-editor.default\">\n\t\t\t\t<div class=\"elementor-widget-container\">\n\t\t\t\t\t\t\t<p>OXYCOMB DISPONE DI TRE TIPI DI SOFTWARE SECONDO OGNI APPLICAZIONE<\/p>\t\t\t\t\t\t<\/div>\n\t\t\t\t<\/div>\n\t\t\t\t<section class=\"elementor-section elementor-inner-section elementor-element elementor-element-14b49254 elementor-section-boxed elementor-section-height-default elementor-section-height-default\" data-id=\"14b49254\" data-element_type=\"section\">\n\t\t\t\t\t\t<div class=\"elementor-container elementor-column-gap-default\">\n\t\t\t\t\t<div class=\"elementor-column elementor-col-33 elementor-inner-column elementor-element elementor-element-27b286cf\" data-id=\"27b286cf\" data-element_type=\"column\">\n\t\t\t<div class=\"elementor-widget-wrap elementor-element-populated\">\n\t\t\t\t\t\t<div class=\"elementor-element elementor-element-1f774211 elementor-widget elementor-widget-image\" data-id=\"1f774211\" data-element_type=\"widget\" data-widget_type=\"image.default\">\n\t\t\t\t<div class=\"elementor-widget-container\">\n\t\t\t\t\t\t\t\t\t\t\t\t\t<img decoding=\"async\" width=\"540\" height=\"305\" src=\"https:\/\/www.oxycomb.com\/wp-content\/uploads\/2024\/01\/software-sad50-oxycomb.jpg\" class=\"attachment-large size-large wp-image-440\" alt=\"software sad50 oxycomb\" srcset=\"https:\/\/www.oxycomb.com\/wp-content\/uploads\/2024\/01\/software-sad50-oxycomb.jpg 540w, https:\/\/www.oxycomb.com\/wp-content\/uploads\/2024\/01\/software-sad50-oxycomb-300x169.jpg 300w\" sizes=\"(max-width: 540px) 100vw, 540px\" \/>\t\t\t\t\t\t\t\t\t\t\t\t\t<\/div>\n\t\t\t\t<\/div>\n\t\t\t\t<div class=\"elementor-element elementor-element-1a18aee0 elementor-widget elementor-widget-spacer\" data-id=\"1a18aee0\" data-element_type=\"widget\" data-widget_type=\"spacer.default\">\n\t\t\t\t<div class=\"elementor-widget-container\">\n\t\t\t\t\t<div class=\"elementor-spacer\">\n\t\t\t<div class=\"elementor-spacer-inner\"><\/div>\n\t\t<\/div>\n\t\t\t\t<\/div>\n\t\t\t\t<\/div>\n\t\t\t\t<div class=\"elementor-element elementor-element-10f0093 elementor-widget elementor-widget-text-editor\" data-id=\"10f0093\" data-element_type=\"widget\" data-widget_type=\"text-editor.default\">\n\t\t\t\t<div class=\"elementor-widget-container\">\n\t\t\t\t\t\t\t<h2 class=\"titulo-modelo-productos\">SAD50\u00ae<\/h2>\t\t\t\t\t\t<\/div>\n\t\t\t\t<\/div>\n\t\t\t\t<div class=\"elementor-element elementor-element-61fd42f6 elementor-widget elementor-widget-text-editor\" data-id=\"61fd42f6\" data-element_type=\"widget\" data-widget_type=\"text-editor.default\">\n\t\t\t\t<div class=\"elementor-widget-container\">\n\t\t\t\t\t\t\t<p>Per applicazioni con analizzatori OPTIMA\u00ae \/ BLUESKY\u00ae installati.<\/p>\t\t\t\t\t\t<\/div>\n\t\t\t\t<\/div>\n\t\t\t\t\t<\/div>\n\t\t<\/div>\n\t\t\t\t<div class=\"elementor-column elementor-col-33 elementor-inner-column elementor-element elementor-element-68df38ee\" data-id=\"68df38ee\" data-element_type=\"column\">\n\t\t\t<div class=\"elementor-widget-wrap elementor-element-populated\">\n\t\t\t\t\t\t<div class=\"elementor-element elementor-element-2a72be41 elementor-widget elementor-widget-image\" data-id=\"2a72be41\" data-element_type=\"widget\" data-widget_type=\"image.default\">\n\t\t\t\t<div class=\"elementor-widget-container\">\n\t\t\t\t\t\t\t\t\t\t\t\t\t<img decoding=\"async\" width=\"540\" height=\"305\" src=\"https:\/\/www.oxycomb.com\/wp-content\/uploads\/2024\/03\/software-control-sad50hr.jpg\" class=\"attachment-large size-large wp-image-1637\" alt=\"software control sad50hr\" srcset=\"https:\/\/www.oxycomb.com\/wp-content\/uploads\/2024\/03\/software-control-sad50hr.jpg 540w, https:\/\/www.oxycomb.com\/wp-content\/uploads\/2024\/03\/software-control-sad50hr-300x169.jpg 300w\" sizes=\"(max-width: 540px) 100vw, 540px\" \/>\t\t\t\t\t\t\t\t\t\t\t\t\t<\/div>\n\t\t\t\t<\/div>\n\t\t\t\t<div class=\"elementor-element elementor-element-231e69b6 elementor-widget elementor-widget-spacer\" data-id=\"231e69b6\" data-element_type=\"widget\" data-widget_type=\"spacer.default\">\n\t\t\t\t<div class=\"elementor-widget-container\">\n\t\t\t\t\t<div class=\"elementor-spacer\">\n\t\t\t<div class=\"elementor-spacer-inner\"><\/div>\n\t\t<\/div>\n\t\t\t\t<\/div>\n\t\t\t\t<\/div>\n\t\t\t\t<div class=\"elementor-element elementor-element-5fc78105 elementor-widget elementor-widget-text-editor\" data-id=\"5fc78105\" data-element_type=\"widget\" data-widget_type=\"text-editor.default\">\n\t\t\t\t<div class=\"elementor-widget-container\">\n\t\t\t\t\t\t\t<h2 class=\"titulo-modelo-productos\">SAD50-HR\u00ae<\/h2>\t\t\t\t\t\t<\/div>\n\t\t\t\t<\/div>\n\t\t\t\t<div class=\"elementor-element elementor-element-142bba22 elementor-widget elementor-widget-text-editor\" data-id=\"142bba22\" data-element_type=\"widget\" data-widget_type=\"text-editor.default\">\n\t\t\t\t<div class=\"elementor-widget-container\">\n\t\t\t\t\t\t\t<p>Per applicazioni con analizzatori BLUESKY\u00ae RH installati.<\/p>\t\t\t\t\t\t<\/div>\n\t\t\t\t<\/div>\n\t\t\t\t\t<\/div>\n\t\t<\/div>\n\t\t\t\t<div class=\"elementor-column elementor-col-33 elementor-inner-column elementor-element elementor-element-ff9ccac\" data-id=\"ff9ccac\" data-element_type=\"column\">\n\t\t\t<div class=\"elementor-widget-wrap elementor-element-populated\">\n\t\t\t\t\t\t<div class=\"elementor-element elementor-element-9b4f4e4 elementor-widget elementor-widget-image\" data-id=\"9b4f4e4\" data-element_type=\"widget\" data-widget_type=\"image.default\">\n\t\t\t\t<div class=\"elementor-widget-container\">\n\t\t\t\t\t\t\t\t\t\t\t\t\t<img loading=\"lazy\" decoding=\"async\" width=\"540\" height=\"305\" src=\"https:\/\/www.oxycomb.com\/wp-content\/uploads\/2024\/03\/software-control-sad50cems.jpg\" class=\"attachment-large size-large wp-image-1638\" alt=\"\" srcset=\"https:\/\/www.oxycomb.com\/wp-content\/uploads\/2024\/03\/software-control-sad50cems.jpg 540w, https:\/\/www.oxycomb.com\/wp-content\/uploads\/2024\/03\/software-control-sad50cems-300x169.jpg 300w\" sizes=\"(max-width: 540px) 100vw, 540px\" \/>\t\t\t\t\t\t\t\t\t\t\t\t\t<\/div>\n\t\t\t\t<\/div>\n\t\t\t\t<div class=\"elementor-element elementor-element-d9bd337 elementor-widget elementor-widget-spacer\" data-id=\"d9bd337\" data-element_type=\"widget\" data-widget_type=\"spacer.default\">\n\t\t\t\t<div class=\"elementor-widget-container\">\n\t\t\t\t\t<div class=\"elementor-spacer\">\n\t\t\t<div class=\"elementor-spacer-inner\"><\/div>\n\t\t<\/div>\n\t\t\t\t<\/div>\n\t\t\t\t<\/div>\n\t\t\t\t<div class=\"elementor-element elementor-element-cede211 elementor-widget elementor-widget-text-editor\" data-id=\"cede211\" data-element_type=\"widget\" data-widget_type=\"text-editor.default\">\n\t\t\t\t<div class=\"elementor-widget-container\">\n\t\t\t\t\t\t\t<h2 class=\"titulo-modelo-productos\">SAD50-CEMS\u00ae<\/h2>\t\t\t\t\t\t<\/div>\n\t\t\t\t<\/div>\n\t\t\t\t<div class=\"elementor-element elementor-element-8ef29d3 elementor-widget elementor-widget-text-editor\" data-id=\"8ef29d3\" data-element_type=\"widget\" data-widget_type=\"text-editor.default\">\n\t\t\t\t<div class=\"elementor-widget-container\">\n\t\t\t\t\t\t\t<p>Progettato per qualsiasi tipo di applicazione con fonti di emissione di gas inquinanti.<\/p>\t\t\t\t\t\t<\/div>\n\t\t\t\t<\/div>\n\t\t\t\t\t<\/div>\n\t\t<\/div>\n\t\t\t\t\t<\/div>\n\t\t<\/section>\n\t\t\t\t\t<\/div>\n\t\t<\/div>\n\t\t\t\t\t<\/div>\n\t\t<\/section>\n\t\t\t\t<\/div>\n\t\t","protected":false},"excerpt":{"rendered":"<p>SAD50\u00ae SOFTWARE DI SUPERVISIONE E REGISTRAZIONE DEI PROCESSI Il software SAD50 consente di rappresentare graficamente in tempo reale le misurazioni effettuate dagli analizzatori OPTIMA\u00ae \/ BLUESKY\u00ae \/ OXCEMS\u00ae. Con questi accorgimenti il cliente pu\u00f2 comodamente regolare le diverse variabili coinvolte nel processo di combustione (pressione aria\/gas nei bruciatori, ventilatore generale dell&#8217;aria comburente, ventilatori del camino [&hellip;]<\/p>\n","protected":false},"author":1,"featured_media":0,"parent":2755,"menu_order":0,"comment_status":"closed","ping_status":"closed","template":"","meta":{"footnotes":""},"class_list":["post-3060","page","type-page","status-publish","hentry"],"aioseo_notices":[],"_links":{"self":[{"href":"https:\/\/www.oxycomb.com\/it\/wp-json\/wp\/v2\/pages\/3060","targetHints":{"allow":["GET"]}}],"collection":[{"href":"https:\/\/www.oxycomb.com\/it\/wp-json\/wp\/v2\/pages"}],"about":[{"href":"https:\/\/www.oxycomb.com\/it\/wp-json\/wp\/v2\/types\/page"}],"author":[{"embeddable":true,"href":"https:\/\/www.oxycomb.com\/it\/wp-json\/wp\/v2\/users\/1"}],"replies":[{"embeddable":true,"href":"https:\/\/www.oxycomb.com\/it\/wp-json\/wp\/v2\/comments?post=3060"}],"version-history":[{"count":9,"href":"https:\/\/www.oxycomb.com\/it\/wp-json\/wp\/v2\/pages\/3060\/revisions"}],"predecessor-version":[{"id":3856,"href":"https:\/\/www.oxycomb.com\/it\/wp-json\/wp\/v2\/pages\/3060\/revisions\/3856"}],"up":[{"embeddable":true,"href":"https:\/\/www.oxycomb.com\/it\/wp-json\/wp\/v2\/pages\/2755"}],"wp:attachment":[{"href":"https:\/\/www.oxycomb.com\/it\/wp-json\/wp\/v2\/media?parent=3060"}],"curies":[{"name":"wp","href":"https:\/\/api.w.org\/{rel}","templated":true}]}}